{"id":126,"date":"2018-07-10T19:57:28","date_gmt":"2018-07-11T01:57:28","guid":{"rendered":"https:\/\/costaricavirtual.com\/wp\/?page_id=126"},"modified":"2018-09-04T18:26:46","modified_gmt":"2018-09-05T00:26:46","slug":"proyectos-web","status":"publish","type":"page","link":"http:\/\/www.costaricavirtual.com\/en\/proyectos-web\/","title":{"rendered":"Proyectos Web"},"content":{"rendered":"<section class=\"sh-section sh-section-067a9fdbb1ef1ff343c6bf1128c19fc9 fw-main-row sh-section-visibility-everywhere\">\r\n\t\r\n\t\r\n\t<div class=\"sh-section-container container\">\r\n\t\t<div class=\"fw-row\">\n\t\r\n<div class=\"sh-column sh-column-d2d99a646c90ad5f1188d1f2711912bb fw-col-xs-12\" >\r\n\r\n\t\r\n\t<div class=\"sh-column-wrapper\">\r\n\t\t\r\n\r\n\t<div id=\"portfolio-fancy-filter-87b8757dc9b35359a2f13fb2e2dd92ae\" class=\"sh-filter-container sh-filter-fancy-container sh-portfolio-filter-default sh-portfolio-filter-alignment-center sh-portfolio-filter-mobile-alignment-center\">\r\n\t\t\t\t\t<div class=\"sh-filer-icon\">\r\n\t\t\t\t<i class=\"icon-layers\"><\/i>\r\n\t\t\t<\/div>\r\n\t\t\r\n\t\t<div class=\"sh-filter sh-filter-pagination\" id=\"filter-87b8757dc9b35359a2f13fb2e2dd92ae\">\r\n\t\t\t<span class=\"sh-filter-item active\" data-filter=\"*\" data-href=\"http:\/\/www.costaricavirtual.com\/en\/proyectos-web\/\">\r\n\t\t\t\t<div class=\"sh-filter-item-content\">All<\/div>\r\n\t\t\t<\/span>\r\n\t\t\t\r\n\t\t\t\t\t\t\t\t\t\t\t\t\t\t\t<span class=\"sh-filter-item\" data-filter=\".category-aplicacion-web\" data-href=\"http:\/\/www.costaricavirtual.com\/en\/proyectos-web\/?category=aplicacion-web\">\r\n\t\t\t\t\t\t\t<div class=\"sh-filter-item-content\">Web Application Development<\/div>\r\n\t\t\t\t\t\t<\/span>\r\n\t\t\t\t\t\t\t\t\t\t\t\t\t\t\t\t\t\t\t\t<span class=\"sh-filter-item\" data-filter=\".category-asistencia-web\" data-href=\"http:\/\/www.costaricavirtual.com\/en\/proyectos-web\/?category=asistencia-web\">\r\n\t\t\t\t\t\t\t<div class=\"sh-filter-item-content\">Web Assistance<\/div>\r\n\t\t\t\t\t\t<\/span>\r\n\t\t\t\t\t\t\t\t\t\t\t\t\t\t\t\t\t\t\t\t<span class=\"sh-filter-item\" data-filter=\".category-diseno-de-sitios-web\" data-href=\"http:\/\/www.costaricavirtual.com\/en\/proyectos-web\/?category=diseno-de-sitios-web\">\r\n\t\t\t\t\t\t\t<div class=\"sh-filter-item-content\">Web Page Design<\/div>\r\n\t\t\t\t\t\t<\/span>\r\n\t\t\t\t\t\t\t\t\t\t\t\t\t\t\t\t\t\t\t\t<span class=\"sh-filter-item\" data-filter=\".category-diseno-grafico\" data-href=\"http:\/\/www.costaricavirtual.com\/en\/proyectos-web\/?category=diseno-grafico\">\r\n\t\t\t\t\t\t\t<div class=\"sh-filter-item-content\">Graphic Design<\/div>\r\n\t\t\t\t\t\t<\/span>\r\n\t\t\t\t\t\t\t\t\t\t\t\t\t\t\t\t\t\t\t\t<span class=\"sh-filter-item\" data-filter=\".category-seo\" data-href=\"http:\/\/www.costaricavirtual.com\/en\/proyectos-web\/?category=seo\">\r\n\t\t\t\t\t\t\t<div class=\"sh-filter-item-content\">SEO Services<\/div>\r\n\t\t\t\t\t\t<\/span>\r\n\t\t\t\t\t\t\t\t\t\t\t\t\t\t\t\t\t\t\t\t<span class=\"sh-filter-item\" data-filter=\".category-comercio-electronico\" data-href=\"http:\/\/www.costaricavirtual.com\/en\/proyectos-web\/?category=comercio-electronico\">\r\n\t\t\t\t\t\t\t<div class=\"sh-filter-item-content\">Ecommerce Website<\/div>\r\n\t\t\t\t\t\t<\/span>\r\n\t\t\t\t\t\t\t\t\t\r\n\t\t\t\t\t<\/div>\r\n\t<\/div>\r\n\r\n<div id=\"portfolio-fancy-87b8757dc9b35359a2f13fb2e2dd92ae\" class=\"sh-portfolio-fancy sh-portfolio-fancy-columns2\">\r\n\t\r\n\t\t\r\n\t\t<div class=\"sh-portfolio-fancy-item category-aplicacion-web\" id=\"portfolio-145\">\r\n\t\t\t<div class=\"sh-portfolio-fancy-itemc-container\">\r\n\t\t\t\t<img decoding=\"async\" class=\"sh-portfolio-img lazyload\" data-src=\"https:\/\/www.costaricavirtual.com\/wp-content\/uploads\/2018\/07\/travel-app-660x420.jpeg\" alt=\"\" src=\"data:image\/svg+xml;base64,PHN2ZyB3aWR0aD0iMSIgaGVpZ2h0PSIxIiB4bWxucz0iaHR0cDovL3d3dy53My5vcmcvMjAwMC9zdmciPjwvc3ZnPg==\" style=\"--smush-placeholder-width: 660px; --smush-placeholder-aspect-ratio: 660\/420;\" \/>\r\n\r\n\t\t\t\t<a href=\"http:\/\/www.costaricavirtual.com\/en\/proyecto\/aplicacion-web-para-agencia-de-viajes\/\" class=\"sh-portfolio-fancy-item-overlay-bg\"><\/a>\r\n\t\t\t\t<div class=\"sh-portfolio-fancy-item-overlay\">\r\n\t\t\t\t\t<div class=\"sh-portfolio-fancy-item-overlay-container\">\r\n\t\t\t\t\t\t<a href=\"http:\/\/www.costaricavirtual.com\/en\/proyecto\/aplicacion-web-para-agencia-de-viajes\/\" class=\"sh-portfolio-fancy-item-overlay-title\">\r\n\t\t\t\t\t\t\t<h3>Web Application for a travel agency<\/h3>\r\n\t\t\t\t\t\t<\/a>\r\n\t\t\t\t\t\t<div class=\"sh-portfolio-fancy-item-overlay-categories\">\r\n\t\t\t\t\t\t\t<a href=\"http:\/\/www.costaricavirtual.com\/en\/portafolio\/aplicacion-web\/\" class=\"sh-portfolio-category sh-heading-font\">Web Application Development<\/a>\t\t\t\t\t\t<\/div>\r\n\t\t\t\t\t\t<a href=\"https:\/\/www.costaricavirtual.com\/wp-content\/uploads\/2018\/07\/travel-app-660x420.jpeg\" rel=\"lightbox\" class=\"sh-portfolio-fancy-item-overlay-lightbox\">\r\n\t\t\t\t\t\t\t<i class=\"icon icon-size-fullscreen\"><\/i>\r\n\t\t\t\t\t\t<\/a>\r\n\t\t\t\t\t<\/div>\r\n\t\t\t\t<\/div>\r\n\t\t\t<\/div>\r\n\t\t<\/div>\r\n\r\n\t\r\n\t\t\r\n\t\t<div class=\"sh-portfolio-fancy-item category-aplicacion-web\" id=\"portfolio-139\">\r\n\t\t\t<div class=\"sh-portfolio-fancy-itemc-container\">\r\n\t\t\t\t<img decoding=\"async\" class=\"sh-portfolio-img lazyload\" data-src=\"https:\/\/www.costaricavirtual.com\/wp-content\/uploads\/2018\/07\/mercadeo-iPad-view-660x420.jpg\" alt=\"\" src=\"data:image\/svg+xml;base64,PHN2ZyB3aWR0aD0iMSIgaGVpZ2h0PSIxIiB4bWxucz0iaHR0cDovL3d3dy53My5vcmcvMjAwMC9zdmciPjwvc3ZnPg==\" style=\"--smush-placeholder-width: 660px; --smush-placeholder-aspect-ratio: 660\/420;\" \/>\r\n\r\n\t\t\t\t<a href=\"http:\/\/www.costaricavirtual.com\/en\/proyecto\/aplicacion-web-para-mercadeo\/\" class=\"sh-portfolio-fancy-item-overlay-bg\"><\/a>\r\n\t\t\t\t<div class=\"sh-portfolio-fancy-item-overlay\">\r\n\t\t\t\t\t<div class=\"sh-portfolio-fancy-item-overlay-container\">\r\n\t\t\t\t\t\t<a href=\"http:\/\/www.costaricavirtual.com\/en\/proyecto\/aplicacion-web-para-mercadeo\/\" class=\"sh-portfolio-fancy-item-overlay-title\">\r\n\t\t\t\t\t\t\t<h3>Web Application for marketing<\/h3>\r\n\t\t\t\t\t\t<\/a>\r\n\t\t\t\t\t\t<div class=\"sh-portfolio-fancy-item-overlay-categories\">\r\n\t\t\t\t\t\t\t<a href=\"http:\/\/www.costaricavirtual.com\/en\/portafolio\/aplicacion-web\/\" class=\"sh-portfolio-category sh-heading-font\">Web Application Development<\/a>\t\t\t\t\t\t<\/div>\r\n\t\t\t\t\t\t<a href=\"https:\/\/www.costaricavirtual.com\/wp-content\/uploads\/2018\/07\/mercadeo-iPad-view-660x420.jpg\" rel=\"lightbox\" class=\"sh-portfolio-fancy-item-overlay-lightbox\">\r\n\t\t\t\t\t\t\t<i class=\"icon icon-size-fullscreen\"><\/i>\r\n\t\t\t\t\t\t<\/a>\r\n\t\t\t\t\t<\/div>\r\n\t\t\t\t<\/div>\r\n\t\t\t<\/div>\r\n\t\t<\/div>\r\n\r\n\t<\/div>\r\n\r\n\t<div class=\"sh-pagination sh-default-color\"><ul class='page-numbers'>\n\t<li><span aria-current=\"page\" class=\"page-numbers current\">1<\/span><\/li>\n\t<li><span class=\"page-numbers dots\">...<\/span><\/li>\n\t<li><a class=\"page-numbers\" href=\"http:\/\/www.costaricavirtual.com\/en\/wp-json\/wp\/v2\/pages\/126\/page\/6\/\">6<\/a><\/li>\n\t<li><a class=\"next page-numbers\" href=\"http:\/\/www.costaricavirtual.com\/en\/wp-json\/wp\/v2\/pages\/126\/page\/2\/\">&gt;<\/a><\/li>\n<\/ul>\n<\/div>\r\n\t<\/div>\r\n\r\n\r\n\t\t\r\n\r\n<\/div>\r\n<\/div>\n\n\t<\/div>\r\n<\/section>","protected":false},"excerpt":{"rendered":"<p>Se dise\u00f1a y codifica una aplicaci\u00f3n web destinada a una compa\u00f1\u00eda en Estados Unidos, con el objetivo de controlar datos estad\u00edsticos para mercadeo. Tecnolog\u00eda utilizada:PHP, MySQL.<\/p>","protected":false},"author":1,"featured_media":0,"parent":0,"menu_order":0,"comment_status":"closed","ping_status":"closed","template":"","meta":{"footnotes":""},"class_list":["post-126","page","type-page","status-publish","hentry"],"yoast_head":"<!-- This site is optimized with the Yoast SEO plugin v26.6 - https:\/\/yoast.com\/wordpress\/plugins\/seo\/ -->\n<title>Proyectos Web - Agencia de Desarrollo Web - Costa Rica Virtual<\/title>\n<meta name=\"description\" content=\"Portafolio de proyectos web con algunos de nuestros clientes, desde desarrollo de aplicaciones web, p\u00e1ginas web, SEO, tiendas en l\u00edneas y m\u00e1s.\" \/>\n<meta name=\"robots\" content=\"index, follow, max-snippet:-1, max-image-preview:large, max-video-preview:-1\" \/>\n<link rel=\"canonical\" href=\"https:\/\/www.costaricavirtual.com\/en\/proyectos-web\/\" \/>\n<meta property=\"og:locale\" content=\"en_US\" \/>\n<meta property=\"og:type\" content=\"article\" \/>\n<meta property=\"og:title\" content=\"Proyectos Web - Agencia de Desarrollo Web - Costa Rica Virtual\" \/>\n<meta property=\"og:description\" content=\"Portafolio de proyectos web con algunos de nuestros clientes, desde desarrollo de aplicaciones web, p\u00e1ginas web, SEO, tiendas en l\u00edneas y m\u00e1s.\" \/>\n<meta property=\"og:url\" content=\"https:\/\/www.costaricavirtual.com\/en\/proyectos-web\/\" \/>\n<meta property=\"og:site_name\" content=\"Agencia de Desarrollo Web - Costa Rica Virtual\" \/>\n<meta property=\"article:modified_time\" content=\"2018-09-05T00:26:46+00:00\" \/>\n<meta property=\"og:image\" content=\"https:\/\/costaricavirtual.com\/wp\/wp-content\/uploads\/2018\/07\/enjoyguatemala-v2018-660x420.jpeg\" \/>\n<meta name=\"twitter:card\" content=\"summary_large_image\" \/>\n<script type=\"application\/ld+json\" class=\"yoast-schema-graph\">{\"@context\":\"https:\/\/schema.org\",\"@graph\":[{\"@type\":\"WebPage\",\"@id\":\"https:\/\/www.costaricavirtual.com\/proyectos-web\/\",\"url\":\"https:\/\/www.costaricavirtual.com\/proyectos-web\/\",\"name\":\"Proyectos Web - Agencia de Desarrollo Web - Costa Rica Virtual\",\"isPartOf\":{\"@id\":\"https:\/\/www.costaricavirtual.com\/es\/#website\"},\"primaryImageOfPage\":{\"@id\":\"https:\/\/www.costaricavirtual.com\/proyectos-web\/#primaryimage\"},\"image\":{\"@id\":\"https:\/\/www.costaricavirtual.com\/proyectos-web\/#primaryimage\"},\"thumbnailUrl\":\"https:\/\/costaricavirtual.com\/wp\/wp-content\/uploads\/2018\/07\/enjoyguatemala-v2018-660x420.jpeg\",\"datePublished\":\"2018-07-11T01:57:28+00:00\",\"dateModified\":\"2018-09-05T00:26:46+00:00\",\"description\":\"Portafolio de proyectos web con algunos de nuestros clientes, desde desarrollo de aplicaciones web, p\u00e1ginas web, SEO, tiendas en l\u00edneas y m\u00e1s.\",\"breadcrumb\":{\"@id\":\"https:\/\/www.costaricavirtual.com\/proyectos-web\/#breadcrumb\"},\"inLanguage\":\"en-US\",\"potentialAction\":[{\"@type\":\"ReadAction\",\"target\":[\"https:\/\/www.costaricavirtual.com\/proyectos-web\/\"]}]},{\"@type\":\"ImageObject\",\"inLanguage\":\"en-US\",\"@id\":\"https:\/\/www.costaricavirtual.com\/proyectos-web\/#primaryimage\",\"url\":\"https:\/\/costaricavirtual.com\/wp\/wp-content\/uploads\/2018\/07\/enjoyguatemala-v2018-660x420.jpeg\",\"contentUrl\":\"https:\/\/costaricavirtual.com\/wp\/wp-content\/uploads\/2018\/07\/enjoyguatemala-v2018-660x420.jpeg\"},{\"@type\":\"BreadcrumbList\",\"@id\":\"https:\/\/www.costaricavirtual.com\/proyectos-web\/#breadcrumb\",\"itemListElement\":[{\"@type\":\"ListItem\",\"position\":1,\"name\":\"Home\",\"item\":\"https:\/\/www.costaricavirtual.com\/es\/\"},{\"@type\":\"ListItem\",\"position\":2,\"name\":\"Proyectos Web\"}]},{\"@type\":\"WebSite\",\"@id\":\"https:\/\/www.costaricavirtual.com\/es\/#website\",\"url\":\"https:\/\/www.costaricavirtual.com\/es\/\",\"name\":\"Agencia de Desarrollo Web - Costa Rica Virtual\",\"description\":\"Agencia de desarrollo Web especializada en desarrollo de Aplicaciones Web, P\u00e1ginas Web y Tiendas en L\u00ednea\",\"potentialAction\":[{\"@type\":\"SearchAction\",\"target\":{\"@type\":\"EntryPoint\",\"urlTemplate\":\"https:\/\/www.costaricavirtual.com\/es\/?s={search_term_string}\"},\"query-input\":{\"@type\":\"PropertyValueSpecification\",\"valueRequired\":true,\"valueName\":\"search_term_string\"}}],\"inLanguage\":\"en-US\"}]}<\/script>\n<!-- \/ Yoast SEO plugin. -->","yoast_head_json":{"title":"Proyectos Web - Agencia de Desarrollo Web - Costa Rica Virtual","description":"Portafolio de proyectos web con algunos de nuestros clientes, desde desarrollo de aplicaciones web, p\u00e1ginas web, SEO, tiendas en l\u00edneas y m\u00e1s.","robots":{"index":"index","follow":"follow","max-snippet":"max-snippet:-1","max-image-preview":"max-image-preview:large","max-video-preview":"max-video-preview:-1"},"canonical":"https:\/\/www.costaricavirtual.com\/en\/proyectos-web\/","og_locale":"en_US","og_type":"article","og_title":"Proyectos Web - Agencia de Desarrollo Web - Costa Rica Virtual","og_description":"Portafolio de proyectos web con algunos de nuestros clientes, desde desarrollo de aplicaciones web, p\u00e1ginas web, SEO, tiendas en l\u00edneas y m\u00e1s.","og_url":"https:\/\/www.costaricavirtual.com\/en\/proyectos-web\/","og_site_name":"Agencia de Desarrollo Web - Costa Rica Virtual","article_modified_time":"2018-09-05T00:26:46+00:00","og_image":[{"url":"https:\/\/costaricavirtual.com\/wp\/wp-content\/uploads\/2018\/07\/enjoyguatemala-v2018-660x420.jpeg","type":"","width":"","height":""}],"twitter_card":"summary_large_image","schema":{"@context":"https:\/\/schema.org","@graph":[{"@type":"WebPage","@id":"https:\/\/www.costaricavirtual.com\/proyectos-web\/","url":"https:\/\/www.costaricavirtual.com\/proyectos-web\/","name":"Proyectos Web - Agencia de Desarrollo Web - Costa Rica Virtual","isPartOf":{"@id":"https:\/\/www.costaricavirtual.com\/es\/#website"},"primaryImageOfPage":{"@id":"https:\/\/www.costaricavirtual.com\/proyectos-web\/#primaryimage"},"image":{"@id":"https:\/\/www.costaricavirtual.com\/proyectos-web\/#primaryimage"},"thumbnailUrl":"https:\/\/costaricavirtual.com\/wp\/wp-content\/uploads\/2018\/07\/enjoyguatemala-v2018-660x420.jpeg","datePublished":"2018-07-11T01:57:28+00:00","dateModified":"2018-09-05T00:26:46+00:00","description":"Portafolio de proyectos web con algunos de nuestros clientes, desde desarrollo de aplicaciones web, p\u00e1ginas web, SEO, tiendas en l\u00edneas y m\u00e1s.","breadcrumb":{"@id":"https:\/\/www.costaricavirtual.com\/proyectos-web\/#breadcrumb"},"inLanguage":"en-US","potentialAction":[{"@type":"ReadAction","target":["https:\/\/www.costaricavirtual.com\/proyectos-web\/"]}]},{"@type":"ImageObject","inLanguage":"en-US","@id":"https:\/\/www.costaricavirtual.com\/proyectos-web\/#primaryimage","url":"https:\/\/costaricavirtual.com\/wp\/wp-content\/uploads\/2018\/07\/enjoyguatemala-v2018-660x420.jpeg","contentUrl":"https:\/\/costaricavirtual.com\/wp\/wp-content\/uploads\/2018\/07\/enjoyguatemala-v2018-660x420.jpeg"},{"@type":"BreadcrumbList","@id":"https:\/\/www.costaricavirtual.com\/proyectos-web\/#breadcrumb","itemListElement":[{"@type":"ListItem","position":1,"name":"Home","item":"https:\/\/www.costaricavirtual.com\/es\/"},{"@type":"ListItem","position":2,"name":"Proyectos Web"}]},{"@type":"WebSite","@id":"https:\/\/www.costaricavirtual.com\/es\/#website","url":"https:\/\/www.costaricavirtual.com\/es\/","name":"Agencia de Desarrollo Web - Costa Rica Virtual","description":"Agencia de desarrollo Web especializada en desarrollo de Aplicaciones Web, P\u00e1ginas Web y Tiendas en L\u00ednea","potentialAction":[{"@type":"SearchAction","target":{"@type":"EntryPoint","urlTemplate":"https:\/\/www.costaricavirtual.com\/es\/?s={search_term_string}"},"query-input":{"@type":"PropertyValueSpecification","valueRequired":true,"valueName":"search_term_string"}}],"inLanguage":"en-US"}]}},"_links":{"self":[{"href":"http:\/\/www.costaricavirtual.com\/en\/wp-json\/wp\/v2\/pages\/126","targetHints":{"allow":["GET"]}}],"collection":[{"href":"http:\/\/www.costaricavirtual.com\/en\/wp-json\/wp\/v2\/pages"}],"about":[{"href":"http:\/\/www.costaricavirtual.com\/en\/wp-json\/wp\/v2\/types\/page"}],"author":[{"embeddable":true,"href":"http:\/\/www.costaricavirtual.com\/en\/wp-json\/wp\/v2\/users\/1"}],"replies":[{"embeddable":true,"href":"http:\/\/www.costaricavirtual.com\/en\/wp-json\/wp\/v2\/comments?post=126"}],"version-history":[{"count":12,"href":"http:\/\/www.costaricavirtual.com\/en\/wp-json\/wp\/v2\/pages\/126\/revisions"}],"predecessor-version":[{"id":217,"href":"http:\/\/www.costaricavirtual.com\/en\/wp-json\/wp\/v2\/pages\/126\/revisions\/217"}],"wp:attachment":[{"href":"http:\/\/www.costaricavirtual.com\/en\/wp-json\/wp\/v2\/media?parent=126"}],"curies":[{"name":"wp","href":"https:\/\/api.w.org\/{rel}","templated":true}]}}