{"id":306,"date":"2020-05-19T10:01:00","date_gmt":"2020-05-19T16:01:00","guid":{"rendered":"https:\/\/www.costaricavirtual.com\/?page_id=306"},"modified":"2020-05-19T14:46:46","modified_gmt":"2020-05-19T20:46:46","slug":"tiendas-en-linea-comercio-electronico","status":"publish","type":"page","link":"http:\/\/www.costaricavirtual.com\/en\/servicios-web\/tiendas-en-linea-comercio-electronico\/","title":{"rendered":"Ecommerce Website"},"content":{"rendered":"<section class=\"sh-section sh-section-1e46e4b95689796ba20276f7189b1c27 fw-main-row sh-section-visibility-everywhere\">\r\n\t\r\n\t\r\n\t<div class=\"sh-section-container container\">\r\n\t\t<div class=\"fw-row\">\n\t\r\n<div class=\"sh-column sh-column-1b7923dc8071721c3238c636ba7ce1a2 fw-col-xs-12 fw-col-sm-6\" >\r\n\r\n\t\r\n\t<div class=\"sh-column-wrapper\">\r\n\t\t\r\n<div class=\"sh-heading\" id=\"heading-c2e25df64c53e6564fa47e701b33d935\">\r\n\t<div class=\"sh-element-margin\">\r\n\r\n\t\t\r\n\t\t\t<h1 class=\"sh-heading-content size-default text-left\">\r\n\t\t\t\tEcommerce Website\t\t\t<\/h1>\r\n\r\n\t\t\r\n\t<\/div>\r\n<\/div>\r\n\r\n<div id=\"text-block-5a0c5984378bcdb9415e2ae672b668d3\" class=\"sh-text-block\">\r\n\t<p>At Costa Rica Virtual we develop online stores for secure electronic commerce. We use professional designs and are convinced that the investment made into an online store will generate the maximum benefit for your company.<\/p><p>An online store web application, also referred to as eCommerce, gives your customers direct access to your product and services 365 days a year.<\/p><p>Through your online store you have the facility to manage your products with their respective category, price, manufacturer, photos and relevant information instantly. You can also manage taxes and shipping, collect statistical data and much more.<\/p><p>Through a shopping cart your clients will be able to buy your products and services in a safe way, at the time they want and with the possibility of collecting instant payment with credit and debit cards, PayPal and other electronic payment methods. Customers registering on your site also results in greater identification with your company and your products, which is an invaluable opportunity to grow your business.<\/p><p>For companies which sell tourism services or memberships we recommend the development of a web application that adjusts to the specific needs of the sector.<\/p><p>To obtain the best results, every website needs constant adjustments and updates including search engine positioning.<\/p><\/div>\r\n\t<\/div>\r\n\r\n\r\n\t\t\r\n\r\n<\/div>\r\n\r\n<div class=\"sh-column sh-column-cf02bd4a658bb781d63c281dbfcfca17 fw-col-xs-12 fw-col-sm-6\" >\r\n\r\n\t\r\n\t<div class=\"sh-column-wrapper\">\r\n\t\t\r\n\r\n\r\n\r\n<div id=\"image-gallery-2a5ceab9384f4e16125795826ec01aa1\" class=\"sh-image-gallery sh-image-gallery-noverlay sh-image-gallery-nozoom sh-image-gallery-container sh-image-gallery-disable\"  data-autoplay=\"5000\" data-columns=\"1\">\r\n\t\t\t<div class=\"sh-image-gallery-item\">\r\n\t\t\t<div class=\"sh-gallery-item\">\r\n\t\t\t\t<div class=\"post-meta-thumb\">\r\n\r\n\t\t\t\t\t\t\t\t\t\t\t<img decoding=\"async\" data-src=\"https:\/\/www.costaricavirtual.com\/wp-content\/uploads\/2018\/07\/elbow-iPad-view-660x420.png\" alt=\"Comercio Electr\u00f3nico para Chocolater\u00eda\" src=\"data:image\/svg+xml;base64,PHN2ZyB3aWR0aD0iMSIgaGVpZ2h0PSIxIiB4bWxucz0iaHR0cDovL3d3dy53My5vcmcvMjAwMC9zdmciPjwvc3ZnPg==\" class=\"lazyload\" style=\"--smush-placeholder-width: 660px; --smush-placeholder-aspect-ratio: 660\/420;\" \/>\r\n\t\t\t\t\t\r\n\t\t\t\t\t\t\t\t\t<\/div>\r\n\t\t\t<\/div>\r\n\t\t<\/div>\r\n\t\t\t<div class=\"sh-image-gallery-item\">\r\n\t\t\t<div class=\"sh-gallery-item\">\r\n\t\t\t\t<div class=\"post-meta-thumb\">\r\n\r\n\t\t\t\t\t\t\t\t\t\t\t<img decoding=\"async\" data-src=\"https:\/\/www.costaricavirtual.com\/wp-content\/uploads\/2018\/07\/glace-iPad-view-660x420.png\" alt=\"Sitio Web para Helader\u00eda\" src=\"data:image\/svg+xml;base64,PHN2ZyB3aWR0aD0iMSIgaGVpZ2h0PSIxIiB4bWxucz0iaHR0cDovL3d3dy53My5vcmcvMjAwMC9zdmciPjwvc3ZnPg==\" class=\"lazyload\" style=\"--smush-placeholder-width: 660px; --smush-placeholder-aspect-ratio: 660\/420;\" \/>\r\n\t\t\t\t\t\r\n\t\t\t\t\t\t\t\t\t<\/div>\r\n\t\t\t<\/div>\r\n\t\t<\/div>\r\n\t<\/div>\r\n\t<\/div>\r\n\r\n\r\n\t\t\r\n\r\n<\/div>\r\n<\/div>\n\n<div class=\"fw-row\">\n\t\r\n<div class=\"sh-column sh-column-572a5d03ebf82afc22667234fed3edaa fw-col-xs-12\" >\r\n\r\n\t\r\n\t<div class=\"sh-column-wrapper\">\r\n\t\t\r\n<div id=\"divider-10cbc564422a02eaca337e340e45cc17\" class=\"sh-divider sh-divider-left sh-divider-content-none\">\r\n\t\t\t<div class=\"sh-divider-line\"><\/div>\r\n\t<\/div>\r\n\t<\/div>\r\n\r\n\r\n\t\t\r\n\r\n<\/div>\r\n<\/div>\n\n<div class=\"fw-row\">\n\t\r\n<div class=\"sh-column sh-column-f2d093b78e4b617706539d29199603da fw-col-xs-12 fw-col-sm-6\" >\r\n\r\n\t\r\n\t<div class=\"sh-column-wrapper\">\r\n\t\t\r\n<div class=\"sh-heading\" id=\"heading-785a2e90121145a54f9d74c0b3f4167e\">\r\n\t<div class=\"sh-element-margin\">\r\n\r\n\t\t\r\n\t\t\t<h2 class=\"sh-heading-content size-default text-left\">\r\n\t\t\t\tQuote Ecommerce Website\t\t\t<\/h2>\r\n\r\n\t\t\r\n\t<\/div>\r\n<\/div>\r\n\r\n<div id=\"text-block-1341a069b97692318d1a460aabdd0fa3\" class=\"sh-text-block\">\r\n\t<p>We are specialists in eCommerce website design! Let us know the details of your web project \u2013 we remain fully committed to your company.<\/p><p>Fill in this form with all the details, and let's start a lasting relationship, based on excellence and best values.<\/p><p>Once we receive your message, we will proceed to send you a personalized response to address the needs of your company.<\/p><\/div>\r\n\t<\/div>\r\n\r\n\r\n\t\t\r\n\r\n<\/div>\r\n\r\n<div class=\"sh-column sh-column-30ffad9f8e97bfa4c9364e9356ce8d0f fw-col-xs-12 fw-col-sm-6\" >\r\n\r\n\t\r\n\t<div class=\"sh-column-wrapper\">\r\n\t\t\r\n<div id=\"text-block-0f0e110c90b13e22e87f55c86ed2dc44\" class=\"sh-text-block\">\r\n\t<div class=\"wpcf7 no-js\" id=\"wpcf7-f17-o1\" lang=\"en-US\" dir=\"ltr\" data-wpcf7-id=\"17\">\n<div class=\"screen-reader-response\"><p role=\"status\" aria-live=\"polite\" aria-atomic=\"true\"><\/p> <ul><\/ul><\/div>\n<form action=\"\/en\/wp-json\/wp\/v2\/pages\/306#wpcf7-f17-o1\" method=\"post\" class=\"wpcf7-form init\" aria-label=\"Contact form\" novalidate=\"novalidate\" data-status=\"init\" data-trp-original-action=\"\/en\/wp-json\/wp\/v2\/pages\/306#wpcf7-f17-o1\">\n<fieldset class=\"hidden-fields-container\"><input type=\"hidden\" name=\"_wpcf7\" value=\"17\" \/><input type=\"hidden\" name=\"_wpcf7_version\" value=\"6.1.4\" \/><input type=\"hidden\" name=\"_wpcf7_locale\" value=\"en_US\" \/><input type=\"hidden\" name=\"_wpcf7_unit_tag\" value=\"wpcf7-f17-o1\" \/><input type=\"hidden\" name=\"_wpcf7_container_post\" value=\"0\" \/><input type=\"hidden\" name=\"_wpcf7_posted_data_hash\" value=\"\" \/><input type=\"hidden\" name=\"_wpcf7_recaptcha_response\" value=\"\" \/>\n<\/fieldset>\n<div class=\"sh-cf7-body\"><div class=\"col-sm-12\">\n\t<p><label> Full Name<br \/>\n<span class=\"wpcf7-form-control-wrap\" data-name=\"your-name\"><input size=\"40\" maxlength=\"400\" class=\"wpcf7-form-control wpcf7-text wpcf7-validates-as-required\" aria-required=\"true\" aria-invalid=\"false\" placeholder=\"Required\" value=\"\" type=\"text\" name=\"your-name\" \/><\/span> <\/label>\n\t<\/p>\n<\/div>\n<div class=\"col-sm-12\">\n\t<p><label> Email<br \/>\n<span class=\"wpcf7-form-control-wrap\" data-name=\"your-email\"><input size=\"40\" maxlength=\"400\" class=\"wpcf7-form-control wpcf7-email wpcf7-validates-as-required wpcf7-text wpcf7-validates-as-email\" aria-required=\"true\" aria-invalid=\"false\" placeholder=\"Required\" value=\"\" type=\"email\" name=\"your-email\" \/><\/span> <\/label>\n\t<\/p>\n<\/div>\n<div class=\"col-sm-12\">\n\t<p><label> Phone<br \/>\n<span class=\"wpcf7-form-control-wrap\" data-name=\"your-phone\"><input size=\"40\" maxlength=\"400\" class=\"wpcf7-form-control wpcf7-text\" aria-invalid=\"false\" value=\"\" type=\"text\" name=\"your-phone\" \/><\/span> <\/label>\n\t<\/p>\n<\/div>\n<div class=\"col-sm-12\">\n\t<p><label> Country<br \/>\n<span class=\"wpcf7-form-control-wrap\" data-name=\"your-country\"><input size=\"40\" maxlength=\"400\" class=\"wpcf7-form-control wpcf7-text\" aria-invalid=\"false\" value=\"\" type=\"text\" name=\"your-country\" \/><\/span> <\/label>\n\t<\/p>\n<\/div>\n<div class=\"col-sm-12\">\n\t<p><label> Project Details<br \/>\n<span class=\"wpcf7-form-control-wrap\" data-name=\"your-message\"><textarea cols=\"40\" rows=\"10\" maxlength=\"2000\" class=\"wpcf7-form-control wpcf7-textarea wpcf7-validates-as-required\" aria-required=\"true\" aria-invalid=\"false\" placeholder=\"Required\" name=\"your-message\"><\/textarea><\/span> <\/label>\n\t<\/p>\n<\/div>\n<div class=\"col-sm-12\" id=\"crv-submit\">\n\t<p><input class=\"wpcf7-form-control wpcf7-submit has-spinner\" type=\"submit\" value=\"Send Request\" \/>\n\t<\/p>\n<\/div><\/div><p style=\"display: none !important;\" class=\"akismet-fields-container\" data-prefix=\"_wpcf7_ak_\"><label>&#916;<textarea name=\"_wpcf7_ak_hp_textarea\" cols=\"45\" rows=\"8\" maxlength=\"100\"><\/textarea><\/label><input type=\"hidden\" id=\"ak_js_1\" name=\"_wpcf7_ak_js\" value=\"107\"\/><script>document.getElementById( \"ak_js_1\" ).setAttribute( \"value\", ( new Date() ).getTime() );<\/script><\/p><div class=\"wpcf7-response-output\" aria-hidden=\"true\"><\/div>\n<input type=\"hidden\" name=\"trp-form-language\" value=\"en\"\/><\/form>\n<\/div><\/div>\r\n\t<\/div>\r\n\r\n\r\n\t\t\r\n\r\n<\/div>\r\n<\/div>\n\n<div class=\"fw-row\">\n\t\r\n<div class=\"sh-column sh-column-e43fe5a1a2753275160187440222c957 fw-col-xs-12\" >\r\n\r\n\t\r\n\t<div class=\"sh-column-wrapper\">\r\n\t\t\r\n<div id=\"divider-87a677b7fc63848d83c2042cd5dcf019\" class=\"sh-divider sh-divider-left sh-divider-content-none\">\r\n\t\t\t<div class=\"sh-divider-line\"><\/div>\r\n\t<\/div>\r\n\t<\/div>\r\n\r\n\r\n\t\t\r\n\r\n<\/div>\r\n<\/div>\n\n\t<\/div>\r\n<\/section>","protected":false},"excerpt":{"rendered":"<p>Tiendas en L\u00ednea En Costa Rica Virtual desarrollamos tiendas en l\u00ednea para comercio electr\u00f3nico seguro, con dise\u00f1os profesionales y la firme convicci\u00f3n que la inversi\u00f3n realizada generar\u00e1 el m\u00e1ximo beneficio a tu empresa.Vende en Internet tus productos o servicios. El comercio electr\u00f3nico, conocido tambi\u00e9n como&#8230;<\/p>","protected":false},"author":1,"featured_media":0,"parent":90,"menu_order":0,"comment_status":"closed","ping_status":"closed","template":"","meta":{"footnotes":""},"class_list":["post-306","page","type-page","status-publish","hentry"],"yoast_head":"<!-- This site is optimized with the Yoast SEO plugin v26.6 - https:\/\/yoast.com\/wordpress\/plugins\/seo\/ -->\n<title>Tiendas en L\u00ednea - Agencia de Desarrollo Web - Costa Rica Virtual<\/title>\n<meta name=\"description\" content=\"Desarrollamos tiendas en l\u00ednea para comercio electr\u00f3nico seguro. Vende tus productos o servicios en Internet con un dise\u00f1o profesional y moderno.\" \/>\n<meta name=\"robots\" content=\"index, follow, max-snippet:-1, max-image-preview:large, max-video-preview:-1\" \/>\n<link rel=\"canonical\" href=\"https:\/\/www.costaricavirtual.com\/en\/servicios-web\/tiendas-en-linea-comercio-electronico\/\" \/>\n<meta property=\"og:locale\" content=\"en_US\" \/>\n<meta property=\"og:type\" content=\"article\" \/>\n<meta property=\"og:title\" content=\"Tiendas en L\u00ednea - Agencia de Desarrollo Web - Costa Rica Virtual\" \/>\n<meta property=\"og:description\" content=\"Desarrollamos tiendas en l\u00ednea para comercio electr\u00f3nico seguro. Vende tus productos o servicios en Internet con un dise\u00f1o profesional y moderno.\" \/>\n<meta property=\"og:url\" content=\"https:\/\/www.costaricavirtual.com\/en\/servicios-web\/tiendas-en-linea-comercio-electronico\/\" \/>\n<meta property=\"og:site_name\" content=\"Agencia de Desarrollo Web - Costa Rica Virtual\" \/>\n<meta property=\"article:modified_time\" content=\"2020-05-19T20:46:46+00:00\" \/>\n<meta property=\"og:image\" content=\"https:\/\/www.costaricavirtual.com\/wp-content\/uploads\/2018\/07\/elbow-iPad-view-660x420.png\" \/>\n<meta name=\"twitter:card\" content=\"summary_large_image\" \/>\n<meta name=\"twitter:label1\" content=\"Est. reading time\" \/>\n\t<meta name=\"twitter:data1\" content=\"2 minutes\" \/>\n<script type=\"application\/ld+json\" class=\"yoast-schema-graph\">{\"@context\":\"https:\/\/schema.org\",\"@graph\":[{\"@type\":\"WebPage\",\"@id\":\"https:\/\/www.costaricavirtual.com\/servicios-web\/tiendas-en-linea-comercio-electronico\/\",\"url\":\"https:\/\/www.costaricavirtual.com\/servicios-web\/tiendas-en-linea-comercio-electronico\/\",\"name\":\"Tiendas en L\u00ednea - Agencia de Desarrollo Web - Costa Rica Virtual\",\"isPartOf\":{\"@id\":\"https:\/\/www.costaricavirtual.com\/es\/#website\"},\"primaryImageOfPage\":{\"@id\":\"https:\/\/www.costaricavirtual.com\/servicios-web\/tiendas-en-linea-comercio-electronico\/#primaryimage\"},\"image\":{\"@id\":\"https:\/\/www.costaricavirtual.com\/servicios-web\/tiendas-en-linea-comercio-electronico\/#primaryimage\"},\"thumbnailUrl\":\"https:\/\/www.costaricavirtual.com\/wp-content\/uploads\/2018\/07\/elbow-iPad-view-660x420.png\",\"datePublished\":\"2020-05-19T16:01:00+00:00\",\"dateModified\":\"2020-05-19T20:46:46+00:00\",\"description\":\"Desarrollamos tiendas en l\u00ednea para comercio electr\u00f3nico seguro. Vende tus productos o servicios en Internet con un dise\u00f1o profesional y moderno.\",\"breadcrumb\":{\"@id\":\"https:\/\/www.costaricavirtual.com\/servicios-web\/tiendas-en-linea-comercio-electronico\/#breadcrumb\"},\"inLanguage\":\"en-US\",\"potentialAction\":[{\"@type\":\"ReadAction\",\"target\":[\"https:\/\/www.costaricavirtual.com\/servicios-web\/tiendas-en-linea-comercio-electronico\/\"]}]},{\"@type\":\"ImageObject\",\"inLanguage\":\"en-US\",\"@id\":\"https:\/\/www.costaricavirtual.com\/servicios-web\/tiendas-en-linea-comercio-electronico\/#primaryimage\",\"url\":\"https:\/\/www.costaricavirtual.com\/wp-content\/uploads\/2018\/07\/elbow-iPad-view-660x420.png\",\"contentUrl\":\"https:\/\/www.costaricavirtual.com\/wp-content\/uploads\/2018\/07\/elbow-iPad-view-660x420.png\"},{\"@type\":\"BreadcrumbList\",\"@id\":\"https:\/\/www.costaricavirtual.com\/servicios-web\/tiendas-en-linea-comercio-electronico\/#breadcrumb\",\"itemListElement\":[{\"@type\":\"ListItem\",\"position\":1,\"name\":\"Home\",\"item\":\"https:\/\/www.costaricavirtual.com\/es\/\"},{\"@type\":\"ListItem\",\"position\":2,\"name\":\"Servicios Web\",\"item\":\"https:\/\/www.costaricavirtual.com\/servicios-web\/\"},{\"@type\":\"ListItem\",\"position\":3,\"name\":\"Tiendas en L\u00ednea\"}]},{\"@type\":\"WebSite\",\"@id\":\"https:\/\/www.costaricavirtual.com\/es\/#website\",\"url\":\"https:\/\/www.costaricavirtual.com\/es\/\",\"name\":\"Agencia de Desarrollo Web - Costa Rica Virtual\",\"description\":\"Agencia de desarrollo Web especializada en desarrollo de Aplicaciones Web, P\u00e1ginas Web y Tiendas en L\u00ednea\",\"potentialAction\":[{\"@type\":\"SearchAction\",\"target\":{\"@type\":\"EntryPoint\",\"urlTemplate\":\"https:\/\/www.costaricavirtual.com\/es\/?s={search_term_string}\"},\"query-input\":{\"@type\":\"PropertyValueSpecification\",\"valueRequired\":true,\"valueName\":\"search_term_string\"}}],\"inLanguage\":\"en-US\"}]}<\/script>\n<!-- \/ Yoast SEO plugin. -->","yoast_head_json":{"title":"Tiendas en L\u00ednea - Agencia de Desarrollo Web - Costa Rica Virtual","description":"Desarrollamos tiendas en l\u00ednea para comercio electr\u00f3nico seguro. Vende tus productos o servicios en Internet con un dise\u00f1o profesional y moderno.","robots":{"index":"index","follow":"follow","max-snippet":"max-snippet:-1","max-image-preview":"max-image-preview:large","max-video-preview":"max-video-preview:-1"},"canonical":"https:\/\/www.costaricavirtual.com\/en\/servicios-web\/tiendas-en-linea-comercio-electronico\/","og_locale":"en_US","og_type":"article","og_title":"Tiendas en L\u00ednea - Agencia de Desarrollo Web - Costa Rica Virtual","og_description":"Desarrollamos tiendas en l\u00ednea para comercio electr\u00f3nico seguro. Vende tus productos o servicios en Internet con un dise\u00f1o profesional y moderno.","og_url":"https:\/\/www.costaricavirtual.com\/en\/servicios-web\/tiendas-en-linea-comercio-electronico\/","og_site_name":"Agencia de Desarrollo Web - Costa Rica Virtual","article_modified_time":"2020-05-19T20:46:46+00:00","og_image":[{"url":"https:\/\/www.costaricavirtual.com\/wp-content\/uploads\/2018\/07\/elbow-iPad-view-660x420.png","type":"","width":"","height":""}],"twitter_card":"summary_large_image","twitter_misc":{"Est. reading time":"2 minutes"},"schema":{"@context":"https:\/\/schema.org","@graph":[{"@type":"WebPage","@id":"https:\/\/www.costaricavirtual.com\/servicios-web\/tiendas-en-linea-comercio-electronico\/","url":"https:\/\/www.costaricavirtual.com\/servicios-web\/tiendas-en-linea-comercio-electronico\/","name":"Tiendas en L\u00ednea - Agencia de Desarrollo Web - Costa Rica Virtual","isPartOf":{"@id":"https:\/\/www.costaricavirtual.com\/es\/#website"},"primaryImageOfPage":{"@id":"https:\/\/www.costaricavirtual.com\/servicios-web\/tiendas-en-linea-comercio-electronico\/#primaryimage"},"image":{"@id":"https:\/\/www.costaricavirtual.com\/servicios-web\/tiendas-en-linea-comercio-electronico\/#primaryimage"},"thumbnailUrl":"https:\/\/www.costaricavirtual.com\/wp-content\/uploads\/2018\/07\/elbow-iPad-view-660x420.png","datePublished":"2020-05-19T16:01:00+00:00","dateModified":"2020-05-19T20:46:46+00:00","description":"Desarrollamos tiendas en l\u00ednea para comercio electr\u00f3nico seguro. Vende tus productos o servicios en Internet con un dise\u00f1o profesional y moderno.","breadcrumb":{"@id":"https:\/\/www.costaricavirtual.com\/servicios-web\/tiendas-en-linea-comercio-electronico\/#breadcrumb"},"inLanguage":"en-US","potentialAction":[{"@type":"ReadAction","target":["https:\/\/www.costaricavirtual.com\/servicios-web\/tiendas-en-linea-comercio-electronico\/"]}]},{"@type":"ImageObject","inLanguage":"en-US","@id":"https:\/\/www.costaricavirtual.com\/servicios-web\/tiendas-en-linea-comercio-electronico\/#primaryimage","url":"https:\/\/www.costaricavirtual.com\/wp-content\/uploads\/2018\/07\/elbow-iPad-view-660x420.png","contentUrl":"https:\/\/www.costaricavirtual.com\/wp-content\/uploads\/2018\/07\/elbow-iPad-view-660x420.png"},{"@type":"BreadcrumbList","@id":"https:\/\/www.costaricavirtual.com\/servicios-web\/tiendas-en-linea-comercio-electronico\/#breadcrumb","itemListElement":[{"@type":"ListItem","position":1,"name":"Home","item":"https:\/\/www.costaricavirtual.com\/es\/"},{"@type":"ListItem","position":2,"name":"Servicios Web","item":"https:\/\/www.costaricavirtual.com\/servicios-web\/"},{"@type":"ListItem","position":3,"name":"Tiendas en L\u00ednea"}]},{"@type":"WebSite","@id":"https:\/\/www.costaricavirtual.com\/es\/#website","url":"https:\/\/www.costaricavirtual.com\/es\/","name":"Agencia de Desarrollo Web - Costa Rica Virtual","description":"Agencia de desarrollo Web especializada en desarrollo de Aplicaciones Web, P\u00e1ginas Web y Tiendas en L\u00ednea","potentialAction":[{"@type":"SearchAction","target":{"@type":"EntryPoint","urlTemplate":"https:\/\/www.costaricavirtual.com\/es\/?s={search_term_string}"},"query-input":{"@type":"PropertyValueSpecification","valueRequired":true,"valueName":"search_term_string"}}],"inLanguage":"en-US"}]}},"_links":{"self":[{"href":"http:\/\/www.costaricavirtual.com\/en\/wp-json\/wp\/v2\/pages\/306","targetHints":{"allow":["GET"]}}],"collection":[{"href":"http:\/\/www.costaricavirtual.com\/en\/wp-json\/wp\/v2\/pages"}],"about":[{"href":"http:\/\/www.costaricavirtual.com\/en\/wp-json\/wp\/v2\/types\/page"}],"author":[{"embeddable":true,"href":"http:\/\/www.costaricavirtual.com\/en\/wp-json\/wp\/v2\/users\/1"}],"replies":[{"embeddable":true,"href":"http:\/\/www.costaricavirtual.com\/en\/wp-json\/wp\/v2\/comments?post=306"}],"version-history":[{"count":3,"href":"http:\/\/www.costaricavirtual.com\/en\/wp-json\/wp\/v2\/pages\/306\/revisions"}],"predecessor-version":[{"id":319,"href":"http:\/\/www.costaricavirtual.com\/en\/wp-json\/wp\/v2\/pages\/306\/revisions\/319"}],"up":[{"embeddable":true,"href":"http:\/\/www.costaricavirtual.com\/en\/wp-json\/wp\/v2\/pages\/90"}],"wp:attachment":[{"href":"http:\/\/www.costaricavirtual.com\/en\/wp-json\/wp\/v2\/media?parent=306"}],"curies":[{"name":"wp","href":"https:\/\/api.w.org\/{rel}","templated":true}]}}