{"id":90,"date":"2018-07-05T16:37:00","date_gmt":"2018-07-05T22:37:00","guid":{"rendered":"https:\/\/costaricavirtual.com\/wp\/?page_id=90"},"modified":"2020-06-08T08:23:35","modified_gmt":"2020-06-08T14:23:35","slug":"servicios-web","status":"publish","type":"page","link":"http:\/\/www.costaricavirtual.com\/en\/servicios-web\/","title":{"rendered":"Web Services"},"content":{"rendered":"<section class=\"sh-section sh-section-1e46e4b95689796ba20276f7189b1c27 fw-main-row sh-section-visibility-everywhere\">\r\n\t\r\n\t\r\n\t<div class=\"sh-section-container container\">\r\n\t\t<div class=\"fw-row\">\n\t\r\n<div class=\"sh-column sh-column-1b7923dc8071721c3238c636ba7ce1a2 fw-col-xs-12 fw-col-sm-6\" >\r\n\r\n\t\r\n\t<div class=\"sh-column-wrapper\">\r\n\t\t\r\n<div class=\"sh-heading\" id=\"heading-c2e25df64c53e6564fa47e701b33d935\">\r\n\t<div class=\"sh-element-margin\">\r\n\r\n\t\t\r\n\t\t\t<h1 class=\"sh-heading-content size-default text-left\">\r\n\t\t\t\tWeb Services for your company\t\t\t<\/h1>\r\n\r\n\t\t\r\n\t<\/div>\r\n<\/div>\r\n\r\n<div id=\"text-block-5a0c5984378bcdb9415e2ae672b668d3\" class=\"sh-text-block\">\r\n\t<p>Tell us about your web project. In Costa Rica Virtual we have broad experience in web application development using modern technologies, Ecommerce websites solutions that fits your needs, web page design to SME's and larger organizations. Once we receive your message, we will proceed to send you a personalized response to address the needs of your company.<\/p><p>Fill in this form with all the details, and let's start a lasting relationship, based on excellence and best values.<\/p><\/div>\r\n\t<\/div>\r\n\r\n\r\n\t\t\r\n\r\n<\/div>\r\n\r\n<div class=\"sh-column sh-column-30ffad9f8e97bfa4c9364e9356ce8d0f fw-col-xs-12 fw-col-sm-6\" >\r\n\r\n\t\r\n\t<div class=\"sh-column-wrapper\">\r\n\t\t\r\n<div id=\"text-block-0f0e110c90b13e22e87f55c86ed2dc44\" class=\"sh-text-block\">\r\n\t<div class=\"wpcf7 no-js\" id=\"wpcf7-f17-o1\" lang=\"en-US\" dir=\"ltr\" data-wpcf7-id=\"17\">\n<div class=\"screen-reader-response\"><p role=\"status\" aria-live=\"polite\" aria-atomic=\"true\"><\/p> <ul><\/ul><\/div>\n<form action=\"\/en\/wp-json\/wp\/v2\/pages\/90#wpcf7-f17-o1\" method=\"post\" class=\"wpcf7-form init\" aria-label=\"Contact form\" novalidate=\"novalidate\" data-status=\"init\" data-trp-original-action=\"\/en\/wp-json\/wp\/v2\/pages\/90#wpcf7-f17-o1\">\n<fieldset class=\"hidden-fields-container\"><input type=\"hidden\" name=\"_wpcf7\" value=\"17\" \/><input type=\"hidden\" name=\"_wpcf7_version\" value=\"6.1.4\" \/><input type=\"hidden\" name=\"_wpcf7_locale\" value=\"en_US\" \/><input type=\"hidden\" name=\"_wpcf7_unit_tag\" value=\"wpcf7-f17-o1\" \/><input type=\"hidden\" name=\"_wpcf7_container_post\" value=\"0\" \/><input type=\"hidden\" name=\"_wpcf7_posted_data_hash\" value=\"\" \/><input type=\"hidden\" name=\"_wpcf7_recaptcha_response\" value=\"\" \/>\n<\/fieldset>\n<div class=\"sh-cf7-body\"><div class=\"col-sm-12\">\n\t<p><label> Full Name<br \/>\n<span class=\"wpcf7-form-control-wrap\" data-name=\"your-name\"><input size=\"40\" maxlength=\"400\" class=\"wpcf7-form-control wpcf7-text wpcf7-validates-as-required\" aria-required=\"true\" aria-invalid=\"false\" placeholder=\"Required\" value=\"\" type=\"text\" name=\"your-name\" \/><\/span> <\/label>\n\t<\/p>\n<\/div>\n<div class=\"col-sm-12\">\n\t<p><label> Email<br \/>\n<span class=\"wpcf7-form-control-wrap\" data-name=\"your-email\"><input size=\"40\" maxlength=\"400\" class=\"wpcf7-form-control wpcf7-email wpcf7-validates-as-required wpcf7-text wpcf7-validates-as-email\" aria-required=\"true\" aria-invalid=\"false\" placeholder=\"Required\" value=\"\" type=\"email\" name=\"your-email\" \/><\/span> <\/label>\n\t<\/p>\n<\/div>\n<div class=\"col-sm-12\">\n\t<p><label> Phone<br \/>\n<span class=\"wpcf7-form-control-wrap\" data-name=\"your-phone\"><input size=\"40\" maxlength=\"400\" class=\"wpcf7-form-control wpcf7-text\" aria-invalid=\"false\" value=\"\" type=\"text\" name=\"your-phone\" \/><\/span> <\/label>\n\t<\/p>\n<\/div>\n<div class=\"col-sm-12\">\n\t<p><label> Country<br \/>\n<span class=\"wpcf7-form-control-wrap\" data-name=\"your-country\"><input size=\"40\" maxlength=\"400\" class=\"wpcf7-form-control wpcf7-text\" aria-invalid=\"false\" value=\"\" type=\"text\" name=\"your-country\" \/><\/span> <\/label>\n\t<\/p>\n<\/div>\n<div class=\"col-sm-12\">\n\t<p><label> Project Details<br \/>\n<span class=\"wpcf7-form-control-wrap\" data-name=\"your-message\"><textarea cols=\"40\" rows=\"10\" maxlength=\"2000\" class=\"wpcf7-form-control wpcf7-textarea wpcf7-validates-as-required\" aria-required=\"true\" aria-invalid=\"false\" placeholder=\"Required\" name=\"your-message\"><\/textarea><\/span> <\/label>\n\t<\/p>\n<\/div>\n<div class=\"col-sm-12\" id=\"crv-submit\">\n\t<p><input class=\"wpcf7-form-control wpcf7-submit has-spinner\" type=\"submit\" value=\"Send Request\" \/>\n\t<\/p>\n<\/div><\/div><p style=\"display: none !important;\" class=\"akismet-fields-container\" data-prefix=\"_wpcf7_ak_\"><label>&#916;<textarea name=\"_wpcf7_ak_hp_textarea\" cols=\"45\" rows=\"8\" maxlength=\"100\"><\/textarea><\/label><input type=\"hidden\" id=\"ak_js_1\" name=\"_wpcf7_ak_js\" value=\"181\"\/><script>document.getElementById( \"ak_js_1\" ).setAttribute( \"value\", ( new Date() ).getTime() );<\/script><\/p><div class=\"wpcf7-response-output\" aria-hidden=\"true\"><\/div>\n<input type=\"hidden\" name=\"trp-form-language\" value=\"en\"\/><\/form>\n<\/div><\/div>\r\n\t<\/div>\r\n\r\n\r\n\t\t\r\n\r\n<\/div>\r\n<\/div>\n\n\t<\/div>\r\n<\/section>\r\n\r\n<section class=\"sh-section sh-section-004abdff6ab20fb1fd85325c2f516a65 fw-main-row section-flex sh-section-visibility-everywhere\">\r\n\t\r\n\t\r\n\t<div class=\"sh-section-container container\">\r\n\t\t<div class=\"fw-row\">\n\t\r\n<div class=\"sh-column sh-column-f6c68f1eb917ba67a6f48a900e687b48 fw-col-xs-12 fw-col-sm-6 block-flex\" >\r\n\r\n\t\r\n\t<div class=\"sh-column-wrapper\">\r\n\t\t\r\n<div id=\"divider-e8b1a9ea523fbc284a9b7b3ff63547dc\" class=\"sh-divider sh-divider-left sh-divider-content-none\">\r\n\t\t\t<div class=\"sh-divider-line\"><\/div>\r\n\t<\/div>\r\n\r\n<div class=\"sh-heading\" id=\"heading-8bde0b944d2e28bcbc059e7f88f0a8fb\">\r\n\t<div class=\"sh-element-margin\">\r\n\r\n\t\t<a href=\"\/en\/servicios-web\/desarrollo-de-aplicaciones-web\/\" target=\"_self\">\r\n\t\t\t<h2 class=\"sh-heading-content size-default text-left\">\r\n\t\t\t\tWeb Application Development\t\t\t<\/h2>\r\n\r\n\t\t<\/a>\r\n\t<\/div>\r\n<\/div>\r\n\r\n<div class=\"sh-heading\" id=\"heading-edc1452bb36cb98f72e5f067df51a563\">\r\n\t<div class=\"sh-element-margin\">\r\n\r\n\t\t\r\n\t\t\t<h2 class=\"sh-heading-content size-default text-left\">\r\n\t\t\t\tCutting edge technology\t\t\t<\/h2>\r\n\r\n\t\t\r\n\t<\/div>\r\n<\/div>\r\n\r\n<div id=\"text-block-970fad1835ea912b289a8f5a90f87edd\" class=\"sh-text-block\">\r\n\t<p>La globalizaci\u00f3n, la accesibilidad y el avance de la tecnolog\u00eda permite a todas las empresas atender sus necesidades actuales a trav\u00e9s de aplicaciones web accesibles desde cualquier parte del mundo. Con el uso de Internet hoy en d\u00eda no s\u00f3lo puedes tener tu p\u00e1gina web y tienda en l\u00ednea, sino tambi\u00e9n aplicaciones web muy variadas.<\/p><p>Estamos en la mejor disposici\u00f3n de trabajar en conjunto con tu idea de proyecto, revisar los objetivos, compartir nuestro criterio y recomendaciones, para que tu empresa obtenga la aplicaci\u00f3n web que mejor se adec\u00fae a tus necesidades.<\/p><\/div>\r\n\t<\/div>\r\n\r\n\r\n\t\t\r\n\r\n<\/div>\r\n\r\n<div class=\"sh-column sh-column-ffa4470beb6c1f062bd40d137f974c46 fw-col-xs-12 fw-col-sm-6 block-flex\" >\r\n\r\n\t\r\n\t<div class=\"sh-column-wrapper\">\r\n\t\t\r\n<div id=\"divider-e7bebbfaf7fd9607a970c7ad1dde7552\" class=\"sh-divider sh-divider-left sh-divider-content-none\">\r\n\t\t\t<div class=\"sh-divider-line\"><\/div>\r\n\t<\/div>\r\n\r\n<div class=\"sh-heading\" id=\"heading-5e63516d2f51513c0607d26eb49f48b3\">\r\n\t<div class=\"sh-element-margin\">\r\n\r\n\t\t<a href=\"\/en\/servicios-web\/tiendas-en-linea-comercio-electronico\/\" target=\"_self\">\r\n\t\t\t<h2 class=\"sh-heading-content size-default text-left\">\r\n\t\t\t\tEcommerce Website\t\t\t<\/h2>\r\n\r\n\t\t<\/a>\r\n\t<\/div>\r\n<\/div>\r\n\r\n<div class=\"sh-heading\" id=\"heading-7a27f474d6af232b4cd2b73ecc755911\">\r\n\t<div class=\"sh-element-margin\">\r\n\r\n\t\t\r\n\t\t\t<h3 class=\"sh-heading-content size-default text-left\">\r\n\t\t\t\tSecure online stores\t\t\t<\/h3>\r\n\r\n\t\t\r\n\t<\/div>\r\n<\/div>\r\n\r\n<div id=\"text-block-581d8c7bd2f38b58a751d5a6fae1b27c\" class=\"sh-text-block\">\r\n\t<p>Una tienda en l\u00ednea segura con comercio electr\u00f3nico te permite vender tus productos o servicios por Internet los 365 d\u00edas del a\u00f1o. Por medio de tu tienda en l\u00ednea, tus clientes pueden conocer el cat\u00e1logo de tu empresa y comprar al instante. Adem\u00e1s puedes gestionar cada detalle de tus productos, impuestos, env\u00edo, datos estad\u00edsticos y mucho m\u00e1s.<\/p><p>Sabemos que la inversi\u00f3n realizada por tu empresa en un sitio web con comercio electr\u00f3nico debe tomarse con profesionalismo, para as\u00ed obtener el m\u00e1ximo beneficio. Por ello nos comprometemos por completo con el proyecto, como un socio m\u00e1s.<\/p><\/div>\r\n\t<\/div>\r\n\r\n\r\n\t\t\r\n\r\n<\/div>\r\n<\/div>\n\n<div class=\"fw-row\">\n\t\r\n<div class=\"sh-column sh-column-985c6c4a0d6ba99cda7d5ae31cfbf3c6 fw-col-xs-12 fw-col-sm-6 block-flex\" >\r\n\r\n\t\r\n\t<div class=\"sh-column-wrapper\">\r\n\t\t\r\n<div class=\"sh-heading\" id=\"heading-2522f78fbdb429014daf4d247776be85\">\r\n\t<div class=\"sh-element-margin\">\r\n\r\n\t\t<a href=\"\/en\/servicios-web\/diseno-de-paginas-web\/\" target=\"_self\">\r\n\t\t\t<h2 class=\"sh-heading-content size-default text-left\">\r\n\t\t\t\tWeb Page Design\t\t\t<\/h2>\r\n\r\n\t\t<\/a>\r\n\t<\/div>\r\n<\/div>\r\n\r\n<div class=\"sh-heading\" id=\"heading-bdd16537f4cb87ed4bb69b6ff7a31dfc\">\r\n\t<div class=\"sh-element-margin\">\r\n\r\n\t\t\r\n\t\t\t<h3 class=\"sh-heading-content size-default text-left\">\r\n\t\t\t\tYour company online\t\t\t<\/h3>\r\n\r\n\t\t\r\n\t<\/div>\r\n<\/div>\r\n\r\n<div id=\"text-block-046bbee9c0d673a3317b02fa8921444e\" class=\"sh-text-block\">\r\n\t<p>Once you have your own domain and web hosting, the next step is to design each page to engage visitors and look professional, presenting your company to the world. It also includes emails templates to look professional and to benefit your corporate identity.<\/p><p>Queremos acompa\u00f1arte en el mundo digital y dise\u00f1ar cada una de tus p\u00e1ginas web a la perfecci\u00f3n, que permitan proyectar tu empresa las 24 horas del d\u00eda, los 365 d\u00edas del a\u00f1o, no s\u00f3lo en tu pa\u00eds sino en cualquier parte del mundo. Confiamos en WordPress, siguiendo los est\u00e1ndares de dise\u00f1o de p\u00e1ginas web y aplicamos las t\u00e9cnicas SEO de posicionamiento web actuales.<\/p><\/div>\r\n\t<\/div>\r\n\r\n\r\n\t\t\r\n\r\n<\/div>\r\n\r\n<div class=\"sh-column sh-column-8db156c839e83ad7a159ac8ad36d8aac fw-col-xs-12 fw-col-sm-6 block-flex\" >\r\n\r\n\t\r\n\t<div class=\"sh-column-wrapper\">\r\n\t\t\r\n<div class=\"sh-heading\" id=\"heading-289296e76d5b0b2f727e2e4e3c6ff599\">\r\n\t<div class=\"sh-element-margin\">\r\n\r\n\t\t<a href=\"\/en\/servicios-web\/posicionamiento-web-seo\/\" target=\"_self\">\r\n\t\t\t<h2 class=\"sh-heading-content size-default text-left\">\r\n\t\t\t\tSEO Services\t\t\t<\/h2>\r\n\r\n\t\t<\/a>\r\n\t<\/div>\r\n<\/div>\r\n\r\n<div class=\"sh-heading\" id=\"heading-c3a8233c3bf337ec5b9b541a74b097f8\">\r\n\t<div class=\"sh-element-margin\">\r\n\r\n\t\t\r\n\t\t\t<h3 class=\"sh-heading-content size-default text-left\">\r\n\t\t\t\tAlways on top\t\t\t<\/h3>\r\n\r\n\t\t\r\n\t<\/div>\r\n<\/div>\r\n\r\n<div id=\"text-block-666b7c5af3974ec5fed46840ff7354bd\" class=\"sh-text-block\">\r\n\t<p>Si tus p\u00e1ginas web aparecen en las primeras 10 o 20 posiciones de los resultados de b\u00fasqueda, mayor es la cantidad de visitantes que encontrar\u00e1n tu empresa en Internet, lo cual aumenta las posibilidades de \u00e9xito en tu negocio. Para conseguir el mejor posicionamiento web de forma natural es necesario optimizar cada p\u00e1gina seg\u00fan las frases o palabras clave correspondientes. En este proceso tan importante utilizamos las mejores t\u00e9cnicas SEO.<\/p><p>Cada vez que dise\u00f1amos una p\u00e1gina web, realizamos una optimizaci\u00f3n SEO b\u00e1sica. Pero es vital realizar ajustes constantemente, p\u00e1gina por p\u00e1gina, investigar y establecer estrategias para conseguir la mejor posici\u00f3n en el mercado.<\/p><\/div>\r\n\t<\/div>\r\n\r\n\r\n\t\t\r\n\r\n<\/div>\r\n<\/div>\n\n<div class=\"fw-row\">\n\t\r\n<div class=\"sh-column sh-column-d34151694f12135c8def7ea340962f3f fw-col-xs-12 fw-col-sm-6 block-flex\" >\r\n\r\n\t\r\n\t<div class=\"sh-column-wrapper\">\r\n\t\t\r\n<div class=\"sh-heading\" id=\"heading-3615321e8043dff44b9cfda30770f629\">\r\n\t<div class=\"sh-element-margin\">\r\n\r\n\t\t\r\n\t\t\t<h2 class=\"sh-heading-content size-default text-left\">\r\n\t\t\t\tGraphic Design\t\t\t<\/h2>\r\n\r\n\t\t\r\n\t<\/div>\r\n<\/div>\r\n\r\n<div class=\"sh-heading\" id=\"heading-2131123609f0db52f200ac2079d370d0\">\r\n\t<div class=\"sh-element-margin\">\r\n\r\n\t\t\r\n\t\t\t<h3 class=\"sh-heading-content size-default text-left\">\r\n\t\t\t\tCreativity at your fingertips!\t\t\t<\/h3>\r\n\r\n\t\t\r\n\t<\/div>\r\n<\/div>\r\n\r\n<div id=\"text-block-a382c4d19ec3db0c4bf40b5a2084808d\" class=\"sh-text-block\">\r\n\t<p>Toda empresa necesita de herramientas de mercadeo esenciales y que representen correctamente su imagen. Por eso el mundo web se enfoca tanto en el valor del logotipo, que sea \u00fanico, vers\u00e1til y flexible, as\u00ed como en la interface de usuario para un sitio web adaptable a los diferentes dispositivos.<\/p><p>Nuestros dise\u00f1os se basan en un estilo minimalista, lleno de creatividad, con el claro objetivo de reflejar la esencia de tu negocio. Antes de iniciar una p\u00e1gina web, nos aseguramos que el dise\u00f1o sea atractivo, pero ante todo eficaz con tus clientes, y dicha armon\u00eda genere rentabilidad a tu empresa. Nuestro socio en esta \u00e1rea es Font and Folio Graphic Design Atelier en Missouri, USA. Consulta sobre nuestra disponibilidad, s\u00f3lo concretamos unos cuantos proyectos a la vez, para dedicar el tiempo que tu empresa merece.<\/p><\/div>\r\n\t<\/div>\r\n\r\n\r\n\t\t\r\n\r\n<\/div>\r\n\r\n<div class=\"sh-column sh-column-23c4cc03c04425201d11555c45a3d1a2 fw-col-xs-12 fw-col-sm-6 block-flex\" >\r\n\r\n\t\r\n\t<div class=\"sh-column-wrapper\">\r\n\t\t\r\n<div class=\"sh-heading\" id=\"heading-32c5768559e08935a3bbb91fd120fd32\">\r\n\t<div class=\"sh-element-margin\">\r\n\r\n\t\t<a href=\"\/en\/servicios-web\/mantenimiento-web\/\" target=\"_self\">\r\n\t\t\t<h2 class=\"sh-heading-content size-default text-left\">\r\n\t\t\t\tWebsite Maintenance\t\t\t<\/h2>\r\n\r\n\t\t<\/a>\r\n\t<\/div>\r\n<\/div>\r\n\r\n<div class=\"sh-heading\" id=\"heading-e30d83d4c8a3f70e5ab5f5ee9c113d95\">\r\n\t<div class=\"sh-element-margin\">\r\n\r\n\t\t\r\n\t\t\t<h3 class=\"sh-heading-content size-default text-left\">\r\n\t\t\t\tYour digital partner\t\t\t<\/h3>\r\n\r\n\t\t\r\n\t<\/div>\r\n<\/div>\r\n\r\n<div id=\"text-block-89f5ff0799edab603644aeeaeffe5d53\" class=\"sh-text-block\">\r\n\t<p>Luego de publicada tu p\u00e1gina web, con el tiempo el contenido debe refrescarse, las aplicaciones utilizadas requieren actualizaciones, la seguridad necesita mejorar, principalmente si es una tienda en l\u00ednea. Nuevas secciones, productos, promociones, informaci\u00f3n sobre eventos, entre otros, son parte de las acciones a realizar para mantener vigente la imagen de tu empresa.<\/p><p>Recomendamos un seguimiento constante para que tus p\u00e1ginas web mantengan el atractivo necesario, y que los visitantes sigan interesados en tus servicios y productos. Con nuestro plan de \u201cAsistencia Web\u201d nos comprometemos por completo con tu empresa, utilizando nuestros recursos y conocimiento para realizar las labores en las que somos especialistas, y que puedas dedicar tiempo a las actividades propias de tu negocio.<\/p><\/div>\r\n\t<\/div>\r\n\r\n\r\n\t\t\r\n\r\n<\/div>\r\n<\/div>\n\n\t<\/div>\r\n<\/section>","protected":false},"excerpt":{"rendered":"<p>Servicios Web para tu Empresa Cu\u00e9ntanos de tu proyecto web. En Costa Rica Virtual tenemos amplia experiencia en desarrollar aplicaciones web con tecnolog\u00eda PHP, dise\u00f1ar sitios web, implementar tiendas en l\u00ednea con la soluci\u00f3n eCommerce adecuada. Te enviaremos una propuesta acorde con los objetivos y&#8230;<\/p>","protected":false},"author":1,"featured_media":0,"parent":0,"menu_order":0,"comment_status":"closed","ping_status":"closed","template":"","meta":{"footnotes":""},"class_list":["post-90","page","type-page","status-publish","hentry"],"yoast_head":"<!-- This site is optimized with the Yoast SEO plugin v26.6 - https:\/\/yoast.com\/wordpress\/plugins\/seo\/ -->\n<title>Servicios Web - Agencia de Desarrollo Web - Costa Rica Virtual<\/title>\n<meta name=\"description\" content=\"En Costa Rica Virtual tenemos amplia experiencia en Aplicaciones Web, Dise\u00f1o de P\u00e1ginas Web, Tiendas en L\u00ednea, SEO y Posicionamiento Web, Mantenimiento Web y Dise\u00f1o Gr\u00e1fico.\" \/>\n<meta name=\"robots\" content=\"index, follow, max-snippet:-1, max-image-preview:large, max-video-preview:-1\" \/>\n<link rel=\"canonical\" href=\"https:\/\/www.costaricavirtual.com\/en\/servicios-web\/\" \/>\n<meta property=\"og:locale\" content=\"en_US\" \/>\n<meta property=\"og:type\" content=\"article\" \/>\n<meta property=\"og:title\" content=\"Servicios Web - Agencia de Desarrollo Web - Costa Rica Virtual\" \/>\n<meta property=\"og:description\" content=\"En Costa Rica Virtual tenemos amplia experiencia en Aplicaciones Web, Dise\u00f1o de P\u00e1ginas Web, Tiendas en L\u00ednea, SEO y Posicionamiento Web, Mantenimiento Web y Dise\u00f1o Gr\u00e1fico.\" \/>\n<meta property=\"og:url\" content=\"https:\/\/www.costaricavirtual.com\/en\/servicios-web\/\" \/>\n<meta property=\"og:site_name\" content=\"Agencia de Desarrollo Web - Costa Rica Virtual\" \/>\n<meta property=\"article:modified_time\" content=\"2020-06-08T14:23:35+00:00\" \/>\n<meta name=\"twitter:card\" content=\"summary_large_image\" \/>\n<meta name=\"twitter:label1\" content=\"Est. reading time\" \/>\n\t<meta name=\"twitter:data1\" content=\"4 minutes\" \/>\n<script type=\"application\/ld+json\" class=\"yoast-schema-graph\">{\"@context\":\"https:\/\/schema.org\",\"@graph\":[{\"@type\":\"WebPage\",\"@id\":\"https:\/\/www.costaricavirtual.com\/servicios-web\/\",\"url\":\"https:\/\/www.costaricavirtual.com\/servicios-web\/\",\"name\":\"Servicios Web - Agencia de Desarrollo Web - Costa Rica Virtual\",\"isPartOf\":{\"@id\":\"https:\/\/www.costaricavirtual.com\/es\/#website\"},\"datePublished\":\"2018-07-05T22:37:00+00:00\",\"dateModified\":\"2020-06-08T14:23:35+00:00\",\"description\":\"En Costa Rica Virtual tenemos amplia experiencia en Aplicaciones Web, Dise\u00f1o de P\u00e1ginas Web, Tiendas en L\u00ednea, SEO y Posicionamiento Web, Mantenimiento Web y Dise\u00f1o Gr\u00e1fico.\",\"breadcrumb\":{\"@id\":\"https:\/\/www.costaricavirtual.com\/servicios-web\/#breadcrumb\"},\"inLanguage\":\"en-US\",\"potentialAction\":[{\"@type\":\"ReadAction\",\"target\":[\"https:\/\/www.costaricavirtual.com\/servicios-web\/\"]}]},{\"@type\":\"BreadcrumbList\",\"@id\":\"https:\/\/www.costaricavirtual.com\/servicios-web\/#breadcrumb\",\"itemListElement\":[{\"@type\":\"ListItem\",\"position\":1,\"name\":\"Home\",\"item\":\"https:\/\/www.costaricavirtual.com\/es\/\"},{\"@type\":\"ListItem\",\"position\":2,\"name\":\"Servicios Web\"}]},{\"@type\":\"WebSite\",\"@id\":\"https:\/\/www.costaricavirtual.com\/es\/#website\",\"url\":\"https:\/\/www.costaricavirtual.com\/es\/\",\"name\":\"Agencia de Desarrollo Web - Costa Rica Virtual\",\"description\":\"Agencia de desarrollo Web especializada en desarrollo de Aplicaciones Web, P\u00e1ginas Web y Tiendas en L\u00ednea\",\"potentialAction\":[{\"@type\":\"SearchAction\",\"target\":{\"@type\":\"EntryPoint\",\"urlTemplate\":\"https:\/\/www.costaricavirtual.com\/es\/?s={search_term_string}\"},\"query-input\":{\"@type\":\"PropertyValueSpecification\",\"valueRequired\":true,\"valueName\":\"search_term_string\"}}],\"inLanguage\":\"en-US\"}]}<\/script>\n<!-- \/ Yoast SEO plugin. -->","yoast_head_json":{"title":"Servicios Web - Agencia de Desarrollo Web - Costa Rica Virtual","description":"En Costa Rica Virtual tenemos amplia experiencia en Aplicaciones Web, Dise\u00f1o de P\u00e1ginas Web, Tiendas en L\u00ednea, SEO y Posicionamiento Web, Mantenimiento Web y Dise\u00f1o Gr\u00e1fico.","robots":{"index":"index","follow":"follow","max-snippet":"max-snippet:-1","max-image-preview":"max-image-preview:large","max-video-preview":"max-video-preview:-1"},"canonical":"https:\/\/www.costaricavirtual.com\/en\/servicios-web\/","og_locale":"en_US","og_type":"article","og_title":"Servicios Web - Agencia de Desarrollo Web - Costa Rica Virtual","og_description":"En Costa Rica Virtual tenemos amplia experiencia en Aplicaciones Web, Dise\u00f1o de P\u00e1ginas Web, Tiendas en L\u00ednea, SEO y Posicionamiento Web, Mantenimiento Web y Dise\u00f1o Gr\u00e1fico.","og_url":"https:\/\/www.costaricavirtual.com\/en\/servicios-web\/","og_site_name":"Agencia de Desarrollo Web - Costa Rica Virtual","article_modified_time":"2020-06-08T14:23:35+00:00","twitter_card":"summary_large_image","twitter_misc":{"Est. reading time":"4 minutes"},"schema":{"@context":"https:\/\/schema.org","@graph":[{"@type":"WebPage","@id":"https:\/\/www.costaricavirtual.com\/servicios-web\/","url":"https:\/\/www.costaricavirtual.com\/servicios-web\/","name":"Servicios Web - Agencia de Desarrollo Web - Costa Rica Virtual","isPartOf":{"@id":"https:\/\/www.costaricavirtual.com\/es\/#website"},"datePublished":"2018-07-05T22:37:00+00:00","dateModified":"2020-06-08T14:23:35+00:00","description":"En Costa Rica Virtual tenemos amplia experiencia en Aplicaciones Web, Dise\u00f1o de P\u00e1ginas Web, Tiendas en L\u00ednea, SEO y Posicionamiento Web, Mantenimiento Web y Dise\u00f1o Gr\u00e1fico.","breadcrumb":{"@id":"https:\/\/www.costaricavirtual.com\/servicios-web\/#breadcrumb"},"inLanguage":"en-US","potentialAction":[{"@type":"ReadAction","target":["https:\/\/www.costaricavirtual.com\/servicios-web\/"]}]},{"@type":"BreadcrumbList","@id":"https:\/\/www.costaricavirtual.com\/servicios-web\/#breadcrumb","itemListElement":[{"@type":"ListItem","position":1,"name":"Home","item":"https:\/\/www.costaricavirtual.com\/es\/"},{"@type":"ListItem","position":2,"name":"Servicios Web"}]},{"@type":"WebSite","@id":"https:\/\/www.costaricavirtual.com\/es\/#website","url":"https:\/\/www.costaricavirtual.com\/es\/","name":"Agencia de Desarrollo Web - Costa Rica Virtual","description":"Agencia de desarrollo Web especializada en desarrollo de Aplicaciones Web, P\u00e1ginas Web y Tiendas en L\u00ednea","potentialAction":[{"@type":"SearchAction","target":{"@type":"EntryPoint","urlTemplate":"https:\/\/www.costaricavirtual.com\/es\/?s={search_term_string}"},"query-input":{"@type":"PropertyValueSpecification","valueRequired":true,"valueName":"search_term_string"}}],"inLanguage":"en-US"}]}},"_links":{"self":[{"href":"http:\/\/www.costaricavirtual.com\/en\/wp-json\/wp\/v2\/pages\/90","targetHints":{"allow":["GET"]}}],"collection":[{"href":"http:\/\/www.costaricavirtual.com\/en\/wp-json\/wp\/v2\/pages"}],"about":[{"href":"http:\/\/www.costaricavirtual.com\/en\/wp-json\/wp\/v2\/types\/page"}],"author":[{"embeddable":true,"href":"http:\/\/www.costaricavirtual.com\/en\/wp-json\/wp\/v2\/users\/1"}],"replies":[{"embeddable":true,"href":"http:\/\/www.costaricavirtual.com\/en\/wp-json\/wp\/v2\/comments?post=90"}],"version-history":[{"count":38,"href":"http:\/\/www.costaricavirtual.com\/en\/wp-json\/wp\/v2\/pages\/90\/revisions"}],"predecessor-version":[{"id":358,"href":"http:\/\/www.costaricavirtual.com\/en\/wp-json\/wp\/v2\/pages\/90\/revisions\/358"}],"wp:attachment":[{"href":"http:\/\/www.costaricavirtual.com\/en\/wp-json\/wp\/v2\/media?parent=90"}],"curies":[{"name":"wp","href":"https:\/\/api.w.org\/{rel}","templated":true}]}}