{"id":107,"date":"2018-07-09T12:03:58","date_gmt":"2018-07-09T18:03:58","guid":{"rendered":"https:\/\/costaricavirtual.com\/wp\/?page_id=107"},"modified":"2021-10-21T10:11:51","modified_gmt":"2021-10-21T16:11:51","slug":"contactenos","status":"publish","type":"page","link":"https:\/\/www.costaricavirtual.com\/en\/contactenos\/","title":{"rendered":"Contact Us"},"content":{"rendered":"<section class=\"sh-section sh-section-1e46e4b95689796ba20276f7189b1c27 fw-main-row sh-section-visibility-everywhere\">\r\n\t\r\n\t\r\n\t<div class=\"sh-section-container container\">\r\n\t\t<div class=\"fw-row\">\n\t\r\n<div class=\"sh-column sh-column-1b7923dc8071721c3238c636ba7ce1a2 fw-col-xs-12 fw-col-sm-6\" >\r\n\r\n\t\r\n\t<div class=\"sh-column-wrapper\">\r\n\t\t\r\n<div class=\"sh-heading\" id=\"heading-c2e25df64c53e6564fa47e701b33d935\">\r\n\t<div class=\"sh-element-margin\">\r\n\r\n\t\t\r\n\t\t\t<h1 class=\"sh-heading-content size-default text-left\">\r\n\t\t\t\tContact Us\t\t\t<\/h1>\r\n\r\n\t\t\r\n\t<\/div>\r\n<\/div>\r\n\r\n<div id=\"text-block-5a0c5984378bcdb9415e2ae672b668d3\" class=\"sh-text-block\">\r\n\t<p>Thank you for considering our web services and allowing us to be the solution to your needs. In Costa Rica Virtual we have broad experience in web application development using modern technologies, Ecommerce websites solutions that fits your needs, web page design to SME's and larger organizations, SEO services, web maintenance and graphic design.<\/p><p>Santa Barbara, 40401<br \/>Heredia, Costa Rica<br \/>Tel\u00e9fono: +506 8809-0754<br \/>Skype: costaricavirtual<\/p><\/div>\r\n\t<\/div>\r\n\r\n\r\n\t\t\r\n\r\n<\/div>\r\n\r\n<div class=\"sh-column sh-column-30ffad9f8e97bfa4c9364e9356ce8d0f fw-col-xs-12 fw-col-sm-6\" >\r\n\r\n\t\r\n\t<div class=\"sh-column-wrapper\">\r\n\t\t\r\n<div class=\"sh-google-map\" id=\"google-map-fad086d09738fce3abad6cfad4854bde\">\r\n\t<div class=\"fw-map\" data-locations=\"[{&quot;title&quot;:&quot;Costa Rica Virtual&quot;,&quot;url&quot;:&quot;&quot;,&quot;thumb&quot;:false,&quot;coordinates&quot;:{&quot;lat&quot;:10.0358371000000001771468305378220975399017333984375,&quot;lng&quot;:-84.1621051999999991721779224462807178497314453125},&quot;description&quot;:&quot;&quot;}]\" data-map-type=\"ROADMAP\" data-map-height=\"260px\" data-id=\"fad086d09738fce3abad6cfad4854bde\" data-icons=\"{&quot;attachment_id&quot;:&quot;113&quot;,&quot;url&quot;:&quot;\\\/\\\/www.costaricavirtual.com\\\/wp-content\\\/uploads\\\/2018\\\/07\\\/red-pin_32.png&quot;}\" data-gmap-key=\"AIzaSyAXYXV-o1zN4ENRxqIwpgHB_PnxnOHTKVs\" data-disable-ui=\"1\" data-disable-scrolling=\"\" data-custom-zoom=\"18\" data-styling=\"\" >\r\n\t\t<div class=\"fw-map-canvas\"><\/div>\r\n\t<\/div>\r\n<\/div>\t<\/div>\r\n\r\n\r\n\t\t\r\n\r\n<\/div>\r\n<\/div>\n\n<div class=\"fw-row\">\n\t\r\n<div class=\"sh-column sh-column-54bb93e476044d5242bcba18185fa1fa fw-col-xs-12\" >\r\n\r\n\t\r\n\t<div class=\"sh-column-wrapper\">\r\n\t\t\r\n<div id=\"divider-4be9df05ddbf5933c90c50d52bf81ce5\" class=\"sh-divider sh-divider-left sh-divider-content-none\">\r\n\t\t\t<div class=\"sh-divider-line\"><\/div>\r\n\t<\/div>\r\n\t<\/div>\r\n\r\n\r\n\t\t\r\n\r\n<\/div>\r\n<\/div>\n\n<div class=\"fw-row\">\n\t\r\n<div class=\"sh-column sh-column-f6c68f1eb917ba67a6f48a900e687b48 fw-col-xs-12 fw-col-sm-6 block-flex\" >\r\n\r\n\t\r\n\t<div class=\"sh-column-wrapper\">\r\n\t\t\r\n<div class=\"sh-heading\" id=\"heading-8bde0b944d2e28bcbc059e7f88f0a8fb\">\r\n\t<div class=\"sh-element-margin\">\r\n\r\n\t\t\r\n\t\t\t<h2 class=\"sh-heading-content size-default text-left\">\r\n\t\t\t\t Quote a Web Project\t\t\t<\/h2>\r\n\r\n\t\t\r\n\t<\/div>\r\n<\/div>\r\n\r\n<div id=\"text-block-246986f17157db5caffefd33cdad58d8\" class=\"sh-text-block\">\r\n\t<p>We are specialists in simple and efficient web solutions! Let us know the details of your web project \u2013 we remain fully committed to your company.<\/p><p>Fill in this form with all the details, and let's start a lasting relationship, based on excellence and best values.<\/p><p>Once we receive your message, we will proceed to send you a personalized response to address the needs of your company.<\/p><\/div>\r\n\t<\/div>\r\n\r\n\r\n\t\t\r\n\r\n<\/div>\r\n\r\n<div class=\"sh-column sh-column-f3120c1ed29b7f40ce3fd20710d0b8e8 fw-col-xs-12 fw-col-sm-6 block-flex\" >\r\n\r\n\t\r\n\t<div class=\"sh-column-wrapper\">\r\n\t\t\r\n<div id=\"text-block-0f0e110c90b13e22e87f55c86ed2dc44\" class=\"sh-text-block\">\r\n\t<div class=\"wpcf7 no-js\" id=\"wpcf7-f17-o1\" lang=\"en-US\" dir=\"ltr\" data-wpcf7-id=\"17\">\n<div class=\"screen-reader-response\"><p role=\"status\" aria-live=\"polite\" aria-atomic=\"true\"><\/p> <ul><\/ul><\/div>\n<form action=\"\/en\/wp-json\/wp\/v2\/pages\/107#wpcf7-f17-o1\" method=\"post\" class=\"wpcf7-form init\" aria-label=\"Contact form\" novalidate=\"novalidate\" data-status=\"init\" data-trp-original-action=\"\/en\/wp-json\/wp\/v2\/pages\/107#wpcf7-f17-o1\">\n<fieldset class=\"hidden-fields-container\"><input type=\"hidden\" name=\"_wpcf7\" value=\"17\" \/><input type=\"hidden\" name=\"_wpcf7_version\" value=\"6.1.4\" \/><input type=\"hidden\" name=\"_wpcf7_locale\" value=\"en_US\" \/><input type=\"hidden\" name=\"_wpcf7_unit_tag\" value=\"wpcf7-f17-o1\" \/><input type=\"hidden\" name=\"_wpcf7_container_post\" value=\"0\" \/><input type=\"hidden\" name=\"_wpcf7_posted_data_hash\" value=\"\" \/><input type=\"hidden\" name=\"_wpcf7_recaptcha_response\" value=\"\" \/>\n<\/fieldset>\n<div class=\"sh-cf7-body\"><div class=\"col-sm-12\">\n\t<p><label> Full Name<br \/>\n<span class=\"wpcf7-form-control-wrap\" data-name=\"your-name\"><input size=\"40\" maxlength=\"400\" class=\"wpcf7-form-control wpcf7-text wpcf7-validates-as-required\" aria-required=\"true\" aria-invalid=\"false\" placeholder=\"Required\" value=\"\" type=\"text\" name=\"your-name\" \/><\/span> <\/label>\n\t<\/p>\n<\/div>\n<div class=\"col-sm-12\">\n\t<p><label> Email<br \/>\n<span class=\"wpcf7-form-control-wrap\" data-name=\"your-email\"><input size=\"40\" maxlength=\"400\" class=\"wpcf7-form-control wpcf7-email wpcf7-validates-as-required wpcf7-text wpcf7-validates-as-email\" aria-required=\"true\" aria-invalid=\"false\" placeholder=\"Required\" value=\"\" type=\"email\" name=\"your-email\" \/><\/span> <\/label>\n\t<\/p>\n<\/div>\n<div class=\"col-sm-12\">\n\t<p><label> Phone<br \/>\n<span class=\"wpcf7-form-control-wrap\" data-name=\"your-phone\"><input size=\"40\" maxlength=\"400\" class=\"wpcf7-form-control wpcf7-text\" aria-invalid=\"false\" value=\"\" type=\"text\" name=\"your-phone\" \/><\/span> <\/label>\n\t<\/p>\n<\/div>\n<div class=\"col-sm-12\">\n\t<p><label> Country<br \/>\n<span class=\"wpcf7-form-control-wrap\" data-name=\"your-country\"><input size=\"40\" maxlength=\"400\" class=\"wpcf7-form-control wpcf7-text\" aria-invalid=\"false\" value=\"\" type=\"text\" name=\"your-country\" \/><\/span> <\/label>\n\t<\/p>\n<\/div>\n<div class=\"col-sm-12\">\n\t<p><label> Project Details<br \/>\n<span class=\"wpcf7-form-control-wrap\" data-name=\"your-message\"><textarea cols=\"40\" rows=\"10\" maxlength=\"2000\" class=\"wpcf7-form-control wpcf7-textarea wpcf7-validates-as-required\" aria-required=\"true\" aria-invalid=\"false\" placeholder=\"Required\" name=\"your-message\"><\/textarea><\/span> <\/label>\n\t<\/p>\n<\/div>\n<div class=\"col-sm-12\" id=\"crv-submit\">\n\t<p><input class=\"wpcf7-form-control wpcf7-submit has-spinner\" type=\"submit\" value=\"Send Request\" \/>\n\t<\/p>\n<\/div><\/div><p style=\"display: none !important;\" class=\"akismet-fields-container\" data-prefix=\"_wpcf7_ak_\"><label>&#916;<textarea name=\"_wpcf7_ak_hp_textarea\" cols=\"45\" rows=\"8\" maxlength=\"100\"><\/textarea><\/label><input type=\"hidden\" id=\"ak_js_1\" name=\"_wpcf7_ak_js\" value=\"155\"\/><script>document.getElementById( \"ak_js_1\" ).setAttribute( \"value\", ( new Date() ).getTime() );<\/script><\/p><div class=\"wpcf7-response-output\" aria-hidden=\"true\"><\/div>\n<input type=\"hidden\" name=\"trp-form-language\" value=\"en\"\/><\/form>\n<\/div><\/div>\r\n\t<\/div>\r\n\r\n\r\n\t\t\r\n\r\n<\/div>\r\n<\/div>\n\n<div class=\"fw-row\">\n\t\r\n<div class=\"sh-column sh-column-650cd5041458f8ec6d83a9ceac47e8ba fw-col-xs-12\" >\r\n\r\n\t\r\n\t<div class=\"sh-column-wrapper\">\r\n\t\t\r\n<div id=\"divider-bd54af1206a02d6f54a6b4ade695363e\" class=\"sh-divider sh-divider-left sh-divider-content-none\">\r\n\t\t\t<div class=\"sh-divider-line\"><\/div>\r\n\t<\/div>\r\n\t<\/div>\r\n\r\n\r\n\t\t\r\n\r\n<\/div>\r\n<\/div>\n\n\t<\/div>\r\n<\/section>","protected":false},"excerpt":{"rendered":"<p>Cont\u00e1ctenos Gracias por preferir nuestros servicios web. En Costa Rica Virtual tenemos amplia experiencia en desarrollar aplicaciones web con tecnolog\u00eda PHP, dise\u00f1ar sitios web para empresas y organizaciones, implementar tiendas en l\u00ednea con la soluci\u00f3n eCommerce adecuada. Adem\u00e1s brindamos servicios de dise\u00f1o gr\u00e1fico, consultor\u00eda SEO&#8230;<\/p>","protected":false},"author":1,"featured_media":0,"parent":0,"menu_order":0,"comment_status":"closed","ping_status":"closed","template":"","meta":{"footnotes":""},"class_list":["post-107","page","type-page","status-publish","hentry"],"yoast_head":"<!-- This site is optimized with the Yoast SEO plugin v26.6 - https:\/\/yoast.com\/wordpress\/plugins\/seo\/ -->\n<title>Cotizar proyecto web<\/title>\n<meta name=\"description\" content=\"Somos una agencia web en Costa Rica. Perm\u00edtanos cotizar tu proyecto web, tan pronto recibamos todos los detalles. En Costa Rica Virtual proporcionamos soluciones simples!\" \/>\n<meta name=\"robots\" content=\"index, follow, max-snippet:-1, max-image-preview:large, max-video-preview:-1\" \/>\n<link rel=\"canonical\" href=\"https:\/\/www.costaricavirtual.com\/en\/contactenos\/\" \/>\n<meta property=\"og:locale\" content=\"en_US\" \/>\n<meta property=\"og:type\" content=\"article\" \/>\n<meta property=\"og:title\" content=\"Cotizar proyecto web\" \/>\n<meta property=\"og:description\" content=\"Somos una agencia web en Costa Rica. Perm\u00edtanos cotizar tu proyecto web, tan pronto recibamos todos los detalles. En Costa Rica Virtual proporcionamos soluciones simples!\" \/>\n<meta property=\"og:url\" content=\"https:\/\/www.costaricavirtual.com\/en\/contactenos\/\" \/>\n<meta property=\"og:site_name\" content=\"Agencia de Desarrollo Web - Costa Rica Virtual\" \/>\n<meta property=\"article:modified_time\" content=\"2021-10-21T16:11:51+00:00\" \/>\n<meta name=\"twitter:card\" content=\"summary_large_image\" \/>\n<meta name=\"twitter:label1\" content=\"Est. reading time\" \/>\n\t<meta name=\"twitter:data1\" content=\"1 minute\" \/>\n<script type=\"application\/ld+json\" class=\"yoast-schema-graph\">{\"@context\":\"https:\/\/schema.org\",\"@graph\":[{\"@type\":\"WebPage\",\"@id\":\"https:\/\/www.costaricavirtual.com\/contactenos\/\",\"url\":\"https:\/\/www.costaricavirtual.com\/contactenos\/\",\"name\":\"Cotizar proyecto web\",\"isPartOf\":{\"@id\":\"https:\/\/www.costaricavirtual.com\/es\/#website\"},\"datePublished\":\"2018-07-09T18:03:58+00:00\",\"dateModified\":\"2021-10-21T16:11:51+00:00\",\"description\":\"Somos una agencia web en Costa Rica. Perm\u00edtanos cotizar tu proyecto web, tan pronto recibamos todos los detalles. En Costa Rica Virtual proporcionamos soluciones simples!\",\"breadcrumb\":{\"@id\":\"https:\/\/www.costaricavirtual.com\/contactenos\/#breadcrumb\"},\"inLanguage\":\"en-US\",\"potentialAction\":[{\"@type\":\"ReadAction\",\"target\":[\"https:\/\/www.costaricavirtual.com\/contactenos\/\"]}]},{\"@type\":\"BreadcrumbList\",\"@id\":\"https:\/\/www.costaricavirtual.com\/contactenos\/#breadcrumb\",\"itemListElement\":[{\"@type\":\"ListItem\",\"position\":1,\"name\":\"Home\",\"item\":\"https:\/\/www.costaricavirtual.com\/es\/\"},{\"@type\":\"ListItem\",\"position\":2,\"name\":\"Cont\u00e1ctenos\"}]},{\"@type\":\"WebSite\",\"@id\":\"https:\/\/www.costaricavirtual.com\/es\/#website\",\"url\":\"https:\/\/www.costaricavirtual.com\/es\/\",\"name\":\"Agencia de Desarrollo Web - Costa Rica Virtual\",\"description\":\"Agencia de desarrollo Web especializada en desarrollo de Aplicaciones Web, P\u00e1ginas Web y Tiendas en L\u00ednea\",\"potentialAction\":[{\"@type\":\"SearchAction\",\"target\":{\"@type\":\"EntryPoint\",\"urlTemplate\":\"https:\/\/www.costaricavirtual.com\/es\/?s={search_term_string}\"},\"query-input\":{\"@type\":\"PropertyValueSpecification\",\"valueRequired\":true,\"valueName\":\"search_term_string\"}}],\"inLanguage\":\"en-US\"}]}<\/script>\n<!-- \/ Yoast SEO plugin. -->","yoast_head_json":{"title":"Cotizar proyecto web","description":"Somos una agencia web en Costa Rica. Perm\u00edtanos cotizar tu proyecto web, tan pronto recibamos todos los detalles. En Costa Rica Virtual proporcionamos soluciones simples!","robots":{"index":"index","follow":"follow","max-snippet":"max-snippet:-1","max-image-preview":"max-image-preview:large","max-video-preview":"max-video-preview:-1"},"canonical":"https:\/\/www.costaricavirtual.com\/en\/contactenos\/","og_locale":"en_US","og_type":"article","og_title":"Cotizar proyecto web","og_description":"Somos una agencia web en Costa Rica. Perm\u00edtanos cotizar tu proyecto web, tan pronto recibamos todos los detalles. En Costa Rica Virtual proporcionamos soluciones simples!","og_url":"https:\/\/www.costaricavirtual.com\/en\/contactenos\/","og_site_name":"Agencia de Desarrollo Web - Costa Rica Virtual","article_modified_time":"2021-10-21T16:11:51+00:00","twitter_card":"summary_large_image","twitter_misc":{"Est. reading time":"1 minute"},"schema":{"@context":"https:\/\/schema.org","@graph":[{"@type":"WebPage","@id":"https:\/\/www.costaricavirtual.com\/contactenos\/","url":"https:\/\/www.costaricavirtual.com\/contactenos\/","name":"Cotizar proyecto web","isPartOf":{"@id":"https:\/\/www.costaricavirtual.com\/es\/#website"},"datePublished":"2018-07-09T18:03:58+00:00","dateModified":"2021-10-21T16:11:51+00:00","description":"Somos una agencia web en Costa Rica. Perm\u00edtanos cotizar tu proyecto web, tan pronto recibamos todos los detalles. En Costa Rica Virtual proporcionamos soluciones simples!","breadcrumb":{"@id":"https:\/\/www.costaricavirtual.com\/contactenos\/#breadcrumb"},"inLanguage":"en-US","potentialAction":[{"@type":"ReadAction","target":["https:\/\/www.costaricavirtual.com\/contactenos\/"]}]},{"@type":"BreadcrumbList","@id":"https:\/\/www.costaricavirtual.com\/contactenos\/#breadcrumb","itemListElement":[{"@type":"ListItem","position":1,"name":"Home","item":"https:\/\/www.costaricavirtual.com\/es\/"},{"@type":"ListItem","position":2,"name":"Cont\u00e1ctenos"}]},{"@type":"WebSite","@id":"https:\/\/www.costaricavirtual.com\/es\/#website","url":"https:\/\/www.costaricavirtual.com\/es\/","name":"Agencia de Desarrollo Web - Costa Rica Virtual","description":"Agencia de desarrollo Web especializada en desarrollo de Aplicaciones Web, P\u00e1ginas Web y Tiendas en L\u00ednea","potentialAction":[{"@type":"SearchAction","target":{"@type":"EntryPoint","urlTemplate":"https:\/\/www.costaricavirtual.com\/es\/?s={search_term_string}"},"query-input":{"@type":"PropertyValueSpecification","valueRequired":true,"valueName":"search_term_string"}}],"inLanguage":"en-US"}]}},"_links":{"self":[{"href":"https:\/\/www.costaricavirtual.com\/en\/wp-json\/wp\/v2\/pages\/107","targetHints":{"allow":["GET"]}}],"collection":[{"href":"https:\/\/www.costaricavirtual.com\/en\/wp-json\/wp\/v2\/pages"}],"about":[{"href":"https:\/\/www.costaricavirtual.com\/en\/wp-json\/wp\/v2\/types\/page"}],"author":[{"embeddable":true,"href":"https:\/\/www.costaricavirtual.com\/en\/wp-json\/wp\/v2\/users\/1"}],"replies":[{"embeddable":true,"href":"https:\/\/www.costaricavirtual.com\/en\/wp-json\/wp\/v2\/comments?post=107"}],"version-history":[{"count":18,"href":"https:\/\/www.costaricavirtual.com\/en\/wp-json\/wp\/v2\/pages\/107\/revisions"}],"predecessor-version":[{"id":363,"href":"https:\/\/www.costaricavirtual.com\/en\/wp-json\/wp\/v2\/pages\/107\/revisions\/363"}],"wp:attachment":[{"href":"https:\/\/www.costaricavirtual.com\/en\/wp-json\/wp\/v2\/media?parent=107"}],"curies":[{"name":"wp","href":"https:\/\/api.w.org\/{rel}","templated":true}]}}