{"id":268,"date":"2020-05-18T16:40:57","date_gmt":"2020-05-18T22:40:57","guid":{"rendered":"https:\/\/www.costaricavirtual.com\/?page_id=268"},"modified":"2020-06-08T08:46:46","modified_gmt":"2020-06-08T14:46:46","slug":"agencia-de-desarrollo-web","status":"publish","type":"page","link":"https:\/\/www.costaricavirtual.com\/en\/","title":{"rendered":"Agencia de Desarrollo Web"},"content":{"rendered":"<section class=\"sh-section sh-section-56b6b4687cf4fe9efcc50f9958df2557 fw-main-row sh-section-visibility-everywhere\">\r\n\t\r\n\t\r\n\t<div class=\"sh-section-container container-fluid\">\r\n\t\t<div class=\"fw-row\">\n\t\r\n<div class=\"sh-column sh-column-8bc5dbaef31a9a14a371225d6cf42c49 fw-col-xs-12\" >\r\n\r\n\t\r\n\t<div class=\"sh-column-wrapper\">\r\n\t\t\r\n<div id=\"text-block-8e206973c013988e40ebb5fb0e3f6afc\" class=\"sh-text-block home\">\r\n\t<h1 style=\"font-size: 3em; color: #ffffff; font-weight: 700;\">We provide simple and efficient solutions!<\/h1><\/div>\r\n\r\n<div id=\"text-block-d1b642795a754597e2389c5e1843dfb4\" class=\"sh-text-block home\">\r\n\t<h2 style=\"font-size: 3em; text-align: center;\"><a style=\"color: #ffffff;\" href=\"\/en\/contactenos\/\">What is your project?<\/a><\/h2><\/div>\r\n\t<\/div>\r\n\r\n\r\n\t\t\r\n\r\n<\/div>\r\n<\/div>\n\n\t<\/div>\r\n<\/section>\r\n\r\n<section class=\"sh-section sh-section-8bda4a6426ea6afa4864dd0a606ad5db fw-main-row sh-section-visibility-everywhere\">\r\n\t\r\n\t\r\n\t<div class=\"sh-section-container container\">\r\n\t\t<div class=\"fw-row\">\n\t\r\n<div class=\"sh-column sh-column-6fe2ea7f0b26b934c15fba4a0d60151f fw-col-xs-12\" >\r\n\r\n\t\r\n\t<div class=\"sh-column-wrapper\">\r\n\t\t\r\n<div id=\"text-block-f306ccad30153f4e13544f5245904741\" class=\"sh-text-block home\">\r\n\t<h2 style=\"font-size: 3em; text-align: center;\">Our Web Services<\/h2><\/div>\r\n\t<\/div>\r\n\r\n\r\n\t\t\r\n\r\n<\/div>\r\n<\/div>\n\n<div class=\"fw-row\">\n\t\r\n<div class=\"sh-column sh-column-c885eabe6dd57426ef5b72fad3bbf2ef fw-col-xs-12 fw-col-sm-6 block-flex\" >\r\n\r\n\t\r\n\t<div class=\"sh-column-wrapper\">\r\n\t\t\r\n<div id=\"divider-c97e738e3174f707c9602ccdcf90d716\" class=\"sh-divider sh-divider-left sh-divider-content-none\">\r\n\t\t\t<div class=\"sh-divider-line\"><\/div>\r\n\t<\/div>\r\n\r\n<div class=\"sh-heading\" id=\"heading-c07762a644358589b94225cab3c234e0\">\r\n\t<div class=\"sh-element-margin\">\r\n\r\n\t\t<a href=\"\/en\/servicios-web\/desarrollo-de-aplicaciones-web\/\" target=\"_self\">\r\n\t\t\t<h2 class=\"sh-heading-content size-default text-left\">\r\n\t\t\t\tWeb Application Development\t\t\t<\/h2>\r\n\r\n\t\t<\/a>\r\n\t<\/div>\r\n<\/div>\r\n\r\n<div id=\"text-block-0eeccb8dc291993a49d7911ee0fc6396\" class=\"sh-text-block\">\r\n\t<p>We develop customized web applications for your company to meet current needs and to be present anywhere in the world.<\/p><\/div>\r\n\t<\/div>\r\n\r\n\r\n\t\t\r\n\r\n<\/div>\r\n\r\n<div class=\"sh-column sh-column-17256dc054db9c722037291b007769a5 fw-col-xs-12 fw-col-sm-6 block-flex\" >\r\n\r\n\t\r\n\t<div class=\"sh-column-wrapper\">\r\n\t\t\r\n<div id=\"divider-09b49da1b4f2004afd7816e4afc17bdd\" class=\"sh-divider sh-divider-left sh-divider-content-none\">\r\n\t\t\t<div class=\"sh-divider-line\"><\/div>\r\n\t<\/div>\r\n\r\n<div class=\"sh-heading\" id=\"heading-3b7d9bec2d837841dd52d5148757bbdf\">\r\n\t<div class=\"sh-element-margin\">\r\n\r\n\t\t<a href=\"\/en\/servicios-web\/tiendas-en-linea-comercio-electronico\/\" target=\"_self\">\r\n\t\t\t<h2 class=\"sh-heading-content size-default text-left\">\r\n\t\t\t\tEcommerce Website\t\t\t<\/h2>\r\n\r\n\t\t<\/a>\r\n\t<\/div>\r\n<\/div>\r\n\r\n<div id=\"text-block-90e761ac6a3fa1ea368398c4b829d126\" class=\"sh-text-block\">\r\n\t<p>Invest in a secure online store which allows you to sell your products or services 365 days a year. Manage every aspect of your store and much more.<\/p><\/div>\r\n\t<\/div>\r\n\r\n\r\n\t\t\r\n\r\n<\/div>\r\n<\/div>\n\n<div class=\"fw-row\">\n\t\r\n<div class=\"sh-column sh-column-38b5636c9b59e320ed565c51499d8acf fw-col-xs-12 fw-col-sm-6 block-flex\" >\r\n\r\n\t\r\n\t<div class=\"sh-column-wrapper\">\r\n\t\t\r\n<div id=\"divider-22ea63d7607f6d080a1f60fd97230bcf\" class=\"sh-divider sh-divider-left sh-divider-content-none\">\r\n\t\t\t<div class=\"sh-divider-line\"><\/div>\r\n\t<\/div>\r\n\r\n<div class=\"sh-heading\" id=\"heading-e666aadb5855b394c62e2159f93f4673\">\r\n\t<div class=\"sh-element-margin\">\r\n\r\n\t\t<a href=\"\/en\/servicios-web\/diseno-de-paginas-web\/\" target=\"_self\">\r\n\t\t\t<h2 class=\"sh-heading-content size-default text-left\">\r\n\t\t\t\tWeb Page Design\t\t\t<\/h2>\r\n\r\n\t\t<\/a>\r\n\t<\/div>\r\n<\/div>\r\n\r\n<div id=\"text-block-be5d2a9f26a562d7235915c651dce624\" class=\"sh-text-block\">\r\n\t<p>We design your web pages and accompany you in the digital world so that your company is available 24 hours a day 365 days a year.<\/p><\/div>\r\n\t<\/div>\r\n\r\n\r\n\t\t\r\n\r\n<\/div>\r\n\r\n<div class=\"sh-column sh-column-295969dcef9164f00efbf802156979ec fw-col-xs-12 fw-col-sm-6 block-flex\" >\r\n\r\n\t\r\n\t<div class=\"sh-column-wrapper\">\r\n\t\t\r\n<div id=\"divider-1bad8fb7a211a7e13e789cc0f8cbeb62\" class=\"sh-divider sh-divider-left sh-divider-content-none\">\r\n\t\t\t<div class=\"sh-divider-line\"><\/div>\r\n\t<\/div>\r\n\r\n<div class=\"sh-heading\" id=\"heading-f2a351d23e6da956d80f19f397e92347\">\r\n\t<div class=\"sh-element-margin\">\r\n\r\n\t\t<a href=\"\/en\/servicios-web\/posicionamiento-web-seo\/\" target=\"_self\">\r\n\t\t\t<h2 class=\"sh-heading-content size-default text-left\">\r\n\t\t\t\tSEO Services\t\t\t<\/h2>\r\n\r\n\t\t<\/a>\r\n\t<\/div>\r\n<\/div>\r\n\r\n<div id=\"text-block-cccfe09a4edf67b41931877943d56858\" class=\"sh-text-block\">\r\n\t<p>We optimize your company's web presence and increase its visibility. By applying our SEO knowledge we improve the positioning of your brand in the market.<\/p><\/div>\r\n\t<\/div>\r\n\r\n\r\n\t\t\r\n\r\n<\/div>\r\n<\/div>\n\n<div class=\"fw-row\">\n\t\r\n<div class=\"sh-column sh-column-225cfcacec4dcb60c6110cbb5c887ecc fw-col-xs-12 fw-col-sm-6 block-flex\" >\r\n\r\n\t\r\n\t<div class=\"sh-column-wrapper\">\r\n\t\t\r\n<div id=\"divider-893c0f4ead212832da4a7fcf4c299b01\" class=\"sh-divider sh-divider-left sh-divider-content-none\">\r\n\t\t\t<div class=\"sh-divider-line\"><\/div>\r\n\t<\/div>\r\n\r\n<div class=\"sh-heading\" id=\"heading-2ea0e682dfc05b43126fd6782bea5482\">\r\n\t<div class=\"sh-element-margin\">\r\n\r\n\t\t<a href=\"\/en\/servicios-web\/mantenimiento-web\/\" target=\"_self\">\r\n\t\t\t<h2 class=\"sh-heading-content size-default text-left\">\r\n\t\t\t\tWebsite Maintenance\t\t\t<\/h2>\r\n\r\n\t\t<\/a>\r\n\t<\/div>\r\n<\/div>\r\n\r\n<div id=\"text-block-e08314bc9128412ef53f5804ca77b4dc\" class=\"sh-text-block\">\r\n\t<p>We are fully committed to your company. As your partner we make sure your page is up to date and your visitors keep being interested in your services and products.<\/p><\/div>\r\n\t<\/div>\r\n\r\n\r\n\t\t\r\n\r\n<\/div>\r\n\r\n<div class=\"sh-column sh-column-79e55e9f1bf30d15c0f7138c284d7316 fw-col-xs-12 fw-col-sm-6 block-flex\" >\r\n\r\n\t\r\n\t<div class=\"sh-column-wrapper\">\r\n\t\t\r\n<div id=\"divider-8d3c2cc68237f1dd95eec6151193b248\" class=\"sh-divider sh-divider-left sh-divider-content-none\">\r\n\t\t\t<div class=\"sh-divider-line\"><\/div>\r\n\t<\/div>\r\n\r\n<div class=\"sh-heading\" id=\"heading-21ec2bb5e81ca3601cb19d114715bcfb\">\r\n\t<div class=\"sh-element-margin\">\r\n\r\n\t\t<a href=\"\/en\/servicios-web\/\" target=\"_self\">\r\n\t\t\t<h2 class=\"sh-heading-content size-default text-left\">\r\n\t\t\t\tGraphic Design\t\t\t<\/h2>\r\n\r\n\t\t<\/a>\r\n\t<\/div>\r\n<\/div>\r\n\r\n<div id=\"text-block-4aac76c820142a398b991d15ddb7294e\" class=\"sh-text-block\">\r\n\t<p>Our designs are minimalistic in style, full of creativity, and incorporate the clear objective of reflecting the essence of your business.<\/p><\/div>\r\n\t<\/div>\r\n\r\n\r\n\t\t\r\n\r\n<\/div>\r\n<\/div>\n\n\t<\/div>\r\n<\/section>","protected":false},"excerpt":{"rendered":"<p>Proporcionamos soluciones simples! Cu\u00e1l es tu proyecto? Nuestros Servicios Web Aplicaciones Web Desarrollamos la aplicaci\u00f3n web personalizada para tu empresa, que resuelva sus necesidades actuales, y que permita estar accesibles a trav\u00e9s del Internet en cualquier parte del mundo. Tiendas en L\u00ednea Invierta en una&#8230;<\/p>","protected":false},"author":1,"featured_media":0,"parent":0,"menu_order":0,"comment_status":"closed","ping_status":"closed","template":"","meta":{"footnotes":""},"class_list":["post-268","page","type-page","status-publish","hentry"],"yoast_head":"<!-- This site is optimized with the Yoast SEO plugin v26.6 - https:\/\/yoast.com\/wordpress\/plugins\/seo\/ -->\n<title>Agencia de Desarrollo Web - Agencia de Desarrollo Web - Costa Rica Virtual<\/title>\n<meta name=\"description\" content=\"Costa Rica Virtual es una agencia de desarrollo web que proporciona soluciones simples a tus necesidades. Cu\u00e1l es tu proyecto web?\" \/>\n<meta name=\"robots\" content=\"index, follow, max-snippet:-1, max-image-preview:large, max-video-preview:-1\" \/>\n<link rel=\"canonical\" href=\"https:\/\/www.costaricavirtual.com\/en\/\" \/>\n<meta property=\"og:locale\" content=\"en_US\" \/>\n<meta property=\"og:type\" content=\"article\" \/>\n<meta property=\"og:title\" content=\"Agencia de Desarrollo Web - Agencia de Desarrollo Web - Costa Rica Virtual\" \/>\n<meta property=\"og:description\" content=\"Costa Rica Virtual es una agencia de desarrollo web que proporciona soluciones simples a tus necesidades. Cu\u00e1l es tu proyecto web?\" \/>\n<meta property=\"og:url\" content=\"https:\/\/www.costaricavirtual.com\/en\/\" \/>\n<meta property=\"og:site_name\" content=\"Agencia de Desarrollo Web - Costa Rica Virtual\" \/>\n<meta property=\"article:modified_time\" content=\"2020-06-08T14:46:46+00:00\" \/>\n<meta name=\"twitter:card\" content=\"summary_large_image\" \/>\n<meta name=\"twitter:label1\" content=\"Est. reading time\" \/>\n\t<meta name=\"twitter:data1\" content=\"1 minute\" \/>\n<script type=\"application\/ld+json\" class=\"yoast-schema-graph\">{\"@context\":\"https:\/\/schema.org\",\"@graph\":[{\"@type\":\"WebPage\",\"@id\":\"https:\/\/www.costaricavirtual.com\/es\/\",\"url\":\"https:\/\/www.costaricavirtual.com\/es\/\",\"name\":\"Agencia de Desarrollo Web - Agencia de Desarrollo Web - Costa Rica Virtual\",\"isPartOf\":{\"@id\":\"https:\/\/www.costaricavirtual.com\/es\/#website\"},\"datePublished\":\"2020-05-18T22:40:57+00:00\",\"dateModified\":\"2020-06-08T14:46:46+00:00\",\"description\":\"Costa Rica Virtual es una agencia de desarrollo web que proporciona soluciones simples a tus necesidades. Cu\u00e1l es tu proyecto web?\",\"breadcrumb\":{\"@id\":\"https:\/\/www.costaricavirtual.com\/es\/#breadcrumb\"},\"inLanguage\":\"en-US\",\"potentialAction\":[{\"@type\":\"ReadAction\",\"target\":[\"https:\/\/www.costaricavirtual.com\/es\/\"]}]},{\"@type\":\"BreadcrumbList\",\"@id\":\"https:\/\/www.costaricavirtual.com\/es\/#breadcrumb\",\"itemListElement\":[{\"@type\":\"ListItem\",\"position\":1,\"name\":\"Home\",\"item\":\"https:\/\/www.costaricavirtual.com\/es\/\"},{\"@type\":\"ListItem\",\"position\":2,\"name\":\"Agencia de Desarrollo Web\"}]},{\"@type\":\"WebSite\",\"@id\":\"https:\/\/www.costaricavirtual.com\/es\/#website\",\"url\":\"https:\/\/www.costaricavirtual.com\/es\/\",\"name\":\"Agencia de Desarrollo Web - Costa Rica Virtual\",\"description\":\"Agencia de desarrollo Web especializada en desarrollo de Aplicaciones Web, P\u00e1ginas Web y Tiendas en L\u00ednea\",\"potentialAction\":[{\"@type\":\"SearchAction\",\"target\":{\"@type\":\"EntryPoint\",\"urlTemplate\":\"https:\/\/www.costaricavirtual.com\/es\/?s={search_term_string}\"},\"query-input\":{\"@type\":\"PropertyValueSpecification\",\"valueRequired\":true,\"valueName\":\"search_term_string\"}}],\"inLanguage\":\"en-US\"}]}<\/script>\n<!-- \/ Yoast SEO plugin. -->","yoast_head_json":{"title":"Agencia de Desarrollo Web - Agencia de Desarrollo Web - Costa Rica Virtual","description":"Costa Rica Virtual es una agencia de desarrollo web que proporciona soluciones simples a tus necesidades. Cu\u00e1l es tu proyecto web?","robots":{"index":"index","follow":"follow","max-snippet":"max-snippet:-1","max-image-preview":"max-image-preview:large","max-video-preview":"max-video-preview:-1"},"canonical":"https:\/\/www.costaricavirtual.com\/en\/","og_locale":"en_US","og_type":"article","og_title":"Agencia de Desarrollo Web - Agencia de Desarrollo Web - Costa Rica Virtual","og_description":"Costa Rica Virtual es una agencia de desarrollo web que proporciona soluciones simples a tus necesidades. Cu\u00e1l es tu proyecto web?","og_url":"https:\/\/www.costaricavirtual.com\/en\/","og_site_name":"Agencia de Desarrollo Web - Costa Rica Virtual","article_modified_time":"2020-06-08T14:46:46+00:00","twitter_card":"summary_large_image","twitter_misc":{"Est. reading time":"1 minute"},"schema":{"@context":"https:\/\/schema.org","@graph":[{"@type":"WebPage","@id":"https:\/\/www.costaricavirtual.com\/es\/","url":"https:\/\/www.costaricavirtual.com\/es\/","name":"Agencia de Desarrollo Web - Agencia de Desarrollo Web - Costa Rica Virtual","isPartOf":{"@id":"https:\/\/www.costaricavirtual.com\/es\/#website"},"datePublished":"2020-05-18T22:40:57+00:00","dateModified":"2020-06-08T14:46:46+00:00","description":"Costa Rica Virtual es una agencia de desarrollo web que proporciona soluciones simples a tus necesidades. Cu\u00e1l es tu proyecto web?","breadcrumb":{"@id":"https:\/\/www.costaricavirtual.com\/es\/#breadcrumb"},"inLanguage":"en-US","potentialAction":[{"@type":"ReadAction","target":["https:\/\/www.costaricavirtual.com\/es\/"]}]},{"@type":"BreadcrumbList","@id":"https:\/\/www.costaricavirtual.com\/es\/#breadcrumb","itemListElement":[{"@type":"ListItem","position":1,"name":"Home","item":"https:\/\/www.costaricavirtual.com\/es\/"},{"@type":"ListItem","position":2,"name":"Agencia de Desarrollo Web"}]},{"@type":"WebSite","@id":"https:\/\/www.costaricavirtual.com\/es\/#website","url":"https:\/\/www.costaricavirtual.com\/es\/","name":"Agencia de Desarrollo Web - Costa Rica Virtual","description":"Agencia de desarrollo Web especializada en desarrollo de Aplicaciones Web, P\u00e1ginas Web y Tiendas en L\u00ednea","potentialAction":[{"@type":"SearchAction","target":{"@type":"EntryPoint","urlTemplate":"https:\/\/www.costaricavirtual.com\/es\/?s={search_term_string}"},"query-input":{"@type":"PropertyValueSpecification","valueRequired":true,"valueName":"search_term_string"}}],"inLanguage":"en-US"}]}},"_links":{"self":[{"href":"https:\/\/www.costaricavirtual.com\/en\/wp-json\/wp\/v2\/pages\/268","targetHints":{"allow":["GET"]}}],"collection":[{"href":"https:\/\/www.costaricavirtual.com\/en\/wp-json\/wp\/v2\/pages"}],"about":[{"href":"https:\/\/www.costaricavirtual.com\/en\/wp-json\/wp\/v2\/types\/page"}],"author":[{"embeddable":true,"href":"https:\/\/www.costaricavirtual.com\/en\/wp-json\/wp\/v2\/users\/1"}],"replies":[{"embeddable":true,"href":"https:\/\/www.costaricavirtual.com\/en\/wp-json\/wp\/v2\/comments?post=268"}],"version-history":[{"count":22,"href":"https:\/\/www.costaricavirtual.com\/en\/wp-json\/wp\/v2\/pages\/268\/revisions"}],"predecessor-version":[{"id":359,"href":"https:\/\/www.costaricavirtual.com\/en\/wp-json\/wp\/v2\/pages\/268\/revisions\/359"}],"wp:attachment":[{"href":"https:\/\/www.costaricavirtual.com\/en\/wp-json\/wp\/v2\/media?parent=268"}],"curies":[{"name":"wp","href":"https:\/\/api.w.org\/{rel}","templated":true}]}}