{"id":316,"date":"2020-05-19T14:34:59","date_gmt":"2020-05-19T20:34:59","guid":{"rendered":"https:\/\/www.costaricavirtual.com\/?page_id=316"},"modified":"2020-05-19T15:32:33","modified_gmt":"2020-05-19T21:32:33","slug":"posicionamiento-web-seo","status":"publish","type":"page","link":"https:\/\/www.costaricavirtual.com\/en\/servicios-web\/posicionamiento-web-seo\/","title":{"rendered":"Posicionamiento Web &#8211; SEO"},"content":{"rendered":"<section class=\"sh-section sh-section-1e46e4b95689796ba20276f7189b1c27 fw-main-row sh-section-visibility-everywhere\">\r\n\t\r\n\t\r\n\t<div class=\"sh-section-container container\">\r\n\t\t<div class=\"fw-row\">\n\t\r\n<div class=\"sh-column sh-column-1b7923dc8071721c3238c636ba7ce1a2 fw-col-xs-12 fw-col-sm-6\" >\r\n\r\n\t\r\n\t<div class=\"sh-column-wrapper\">\r\n\t\t\r\n<div class=\"sh-heading\" id=\"heading-c2e25df64c53e6564fa47e701b33d935\">\r\n\t<div class=\"sh-element-margin\">\r\n\r\n\t\t\r\n\t\t\t<h1 class=\"sh-heading-content size-default text-left\">\r\n\t\t\t\tSEO Services\t\t\t<\/h1>\r\n\r\n\t\t\r\n\t<\/div>\r\n<\/div>\r\n\r\n<div id=\"text-block-5a0c5984378bcdb9415e2ae672b668d3\" class=\"sh-text-block\">\r\n\t<p>The positioning of your web pages, commonly referred to as SEO (acronym in English for Search Engine Optimization), is a process to improve the positioning of each of your web pages in the search results on Google, Bing, DuckDuckGo and other search engines. Better positions in search engines help enormously to increase the visits of potential clients which then lead to increased sales for your business.<\/p><p>We optimize the content of each of your pages organically and for each web page including the appropriate search terms. Various adjustments are constantly required to keep the website current and well positioned.<\/p><p>At Costa Rica Virtual we include basic SEO in all web pages we create for our clients. Ask about our web positioning service as part of our web support plan. The process to position a web page requires adequate analysis, constant updates and adjustments to achieve the best possible positioning. Search engines update their internal algorithms regularly. It is not possible to guarantee to be in first place all the time for each search term. We propose that each optimized page be placed in the first 15 positions, and that they do not disappear from the first 20.<\/p><\/div>\r\n\t<\/div>\r\n\r\n\r\n\t\t\r\n\r\n<\/div>\r\n\r\n<div class=\"sh-column sh-column-cf02bd4a658bb781d63c281dbfcfca17 fw-col-xs-12 fw-col-sm-6\" >\r\n\r\n\t\r\n\t<div class=\"sh-column-wrapper\">\r\n\t\t\r\n\r\n\r\n\r\n<div id=\"image-gallery-2a5ceab9384f4e16125795826ec01aa1\" class=\"sh-image-gallery sh-image-gallery-noverlay sh-image-gallery-nozoom sh-image-gallery-container sh-image-gallery-disable\"  data-autoplay=\"5000\" data-columns=\"1\">\r\n\t\t\t<div class=\"sh-image-gallery-item\">\r\n\t\t\t<div class=\"sh-gallery-item\">\r\n\t\t\t\t<div class=\"post-meta-thumb\">\r\n\r\n\t\t\t\t\t\t\t\t\t\t\t<img decoding=\"async\" data-src=\"https:\/\/www.costaricavirtual.com\/wp-content\/uploads\/2018\/07\/enjoyguatemala-v2018-660x420.jpeg\" alt=\"Agencia de Viajes a Guatemala\" src=\"data:image\/svg+xml;base64,PHN2ZyB3aWR0aD0iMSIgaGVpZ2h0PSIxIiB4bWxucz0iaHR0cDovL3d3dy53My5vcmcvMjAwMC9zdmciPjwvc3ZnPg==\" class=\"lazyload\" style=\"--smush-placeholder-width: 660px; --smush-placeholder-aspect-ratio: 660\/420;\" \/>\r\n\t\t\t\t\t\r\n\t\t\t\t\t\t\t\t\t<\/div>\r\n\t\t\t<\/div>\r\n\t\t<\/div>\r\n\t\t\t<div class=\"sh-image-gallery-item\">\r\n\t\t\t<div class=\"sh-gallery-item\">\r\n\t\t\t\t<div class=\"post-meta-thumb\">\r\n\r\n\t\t\t\t\t\t\t\t\t\t\t<img decoding=\"async\" data-src=\"https:\/\/www.costaricavirtual.com\/wp-content\/uploads\/2018\/07\/enjoypanama-v2018-660x420.jpeg\" alt=\"Agencia de Viajes a Panam\u00e1\" src=\"data:image\/svg+xml;base64,PHN2ZyB3aWR0aD0iMSIgaGVpZ2h0PSIxIiB4bWxucz0iaHR0cDovL3d3dy53My5vcmcvMjAwMC9zdmciPjwvc3ZnPg==\" class=\"lazyload\" style=\"--smush-placeholder-width: 660px; --smush-placeholder-aspect-ratio: 660\/420;\" \/>\r\n\t\t\t\t\t\r\n\t\t\t\t\t\t\t\t\t<\/div>\r\n\t\t\t<\/div>\r\n\t\t<\/div>\r\n\t<\/div>\r\n\t<\/div>\r\n\r\n\r\n\t\t\r\n\r\n<\/div>\r\n<\/div>\n\n<div class=\"fw-row\">\n\t\r\n<div class=\"sh-column sh-column-572a5d03ebf82afc22667234fed3edaa fw-col-xs-12\" >\r\n\r\n\t\r\n\t<div class=\"sh-column-wrapper\">\r\n\t\t\r\n<div id=\"divider-10cbc564422a02eaca337e340e45cc17\" class=\"sh-divider sh-divider-left sh-divider-content-none\">\r\n\t\t\t<div class=\"sh-divider-line\"><\/div>\r\n\t<\/div>\r\n\t<\/div>\r\n\r\n\r\n\t\t\r\n\r\n<\/div>\r\n<\/div>\n\n<div class=\"fw-row\">\n\t\r\n<div class=\"sh-column sh-column-f2d093b78e4b617706539d29199603da fw-col-xs-12 fw-col-sm-6\" >\r\n\r\n\t\r\n\t<div class=\"sh-column-wrapper\">\r\n\t\t\r\n<div class=\"sh-heading\" id=\"heading-785a2e90121145a54f9d74c0b3f4167e\">\r\n\t<div class=\"sh-element-margin\">\r\n\r\n\t\t\r\n\t\t\t<h2 class=\"sh-heading-content size-default text-left\">\r\n\t\t\t\tQuote SEO Services\t\t\t<\/h2>\r\n\r\n\t\t\r\n\t<\/div>\r\n<\/div>\r\n\r\n<div id=\"text-block-1341a069b97692318d1a460aabdd0fa3\" class=\"sh-text-block\">\r\n\t<p>Ask about our professional SEO services as part of our web support plan! Let us know the details of your web project \u2013 we remain fully committed to your company.<\/p><p>Fill in this form with all the details, and let's start a lasting relationship, based on excellence and best values.<\/p><p>Once we receive your message, we will proceed to send you a personalized response to address the needs of your company.<\/p><\/div>\r\n\t<\/div>\r\n\r\n\r\n\t\t\r\n\r\n<\/div>\r\n\r\n<div class=\"sh-column sh-column-30ffad9f8e97bfa4c9364e9356ce8d0f fw-col-xs-12 fw-col-sm-6\" >\r\n\r\n\t\r\n\t<div class=\"sh-column-wrapper\">\r\n\t\t\r\n<div id=\"text-block-0f0e110c90b13e22e87f55c86ed2dc44\" class=\"sh-text-block\">\r\n\t<div class=\"wpcf7 no-js\" id=\"wpcf7-f17-o1\" lang=\"en-US\" dir=\"ltr\" data-wpcf7-id=\"17\">\n<div class=\"screen-reader-response\"><p role=\"status\" aria-live=\"polite\" aria-atomic=\"true\"><\/p> <ul><\/ul><\/div>\n<form action=\"\/en\/wp-json\/wp\/v2\/pages\/316#wpcf7-f17-o1\" method=\"post\" class=\"wpcf7-form init\" aria-label=\"Contact form\" novalidate=\"novalidate\" data-status=\"init\" data-trp-original-action=\"\/en\/wp-json\/wp\/v2\/pages\/316#wpcf7-f17-o1\">\n<fieldset class=\"hidden-fields-container\"><input type=\"hidden\" name=\"_wpcf7\" value=\"17\" \/><input type=\"hidden\" name=\"_wpcf7_version\" value=\"6.1.4\" \/><input type=\"hidden\" name=\"_wpcf7_locale\" value=\"en_US\" \/><input type=\"hidden\" name=\"_wpcf7_unit_tag\" value=\"wpcf7-f17-o1\" \/><input type=\"hidden\" name=\"_wpcf7_container_post\" value=\"0\" \/><input type=\"hidden\" name=\"_wpcf7_posted_data_hash\" value=\"\" \/><input type=\"hidden\" name=\"_wpcf7_recaptcha_response\" value=\"\" \/>\n<\/fieldset>\n<div class=\"sh-cf7-body\"><div class=\"col-sm-12\">\n\t<p><label> Full Name<br \/>\n<span class=\"wpcf7-form-control-wrap\" data-name=\"your-name\"><input size=\"40\" maxlength=\"400\" class=\"wpcf7-form-control wpcf7-text wpcf7-validates-as-required\" aria-required=\"true\" aria-invalid=\"false\" placeholder=\"Required\" value=\"\" type=\"text\" name=\"your-name\" \/><\/span> <\/label>\n\t<\/p>\n<\/div>\n<div class=\"col-sm-12\">\n\t<p><label> Email<br \/>\n<span class=\"wpcf7-form-control-wrap\" data-name=\"your-email\"><input size=\"40\" maxlength=\"400\" class=\"wpcf7-form-control wpcf7-email wpcf7-validates-as-required wpcf7-text wpcf7-validates-as-email\" aria-required=\"true\" aria-invalid=\"false\" placeholder=\"Required\" value=\"\" type=\"email\" name=\"your-email\" \/><\/span> <\/label>\n\t<\/p>\n<\/div>\n<div class=\"col-sm-12\">\n\t<p><label> Phone<br \/>\n<span class=\"wpcf7-form-control-wrap\" data-name=\"your-phone\"><input size=\"40\" maxlength=\"400\" class=\"wpcf7-form-control wpcf7-text\" aria-invalid=\"false\" value=\"\" type=\"text\" name=\"your-phone\" \/><\/span> <\/label>\n\t<\/p>\n<\/div>\n<div class=\"col-sm-12\">\n\t<p><label> Country<br \/>\n<span class=\"wpcf7-form-control-wrap\" data-name=\"your-country\"><input size=\"40\" maxlength=\"400\" class=\"wpcf7-form-control wpcf7-text\" aria-invalid=\"false\" value=\"\" type=\"text\" name=\"your-country\" \/><\/span> <\/label>\n\t<\/p>\n<\/div>\n<div class=\"col-sm-12\">\n\t<p><label> Project Details<br \/>\n<span class=\"wpcf7-form-control-wrap\" data-name=\"your-message\"><textarea cols=\"40\" rows=\"10\" maxlength=\"2000\" class=\"wpcf7-form-control wpcf7-textarea wpcf7-validates-as-required\" aria-required=\"true\" aria-invalid=\"false\" placeholder=\"Required\" name=\"your-message\"><\/textarea><\/span> <\/label>\n\t<\/p>\n<\/div>\n<div class=\"col-sm-12\" id=\"crv-submit\">\n\t<p><input class=\"wpcf7-form-control wpcf7-submit has-spinner\" type=\"submit\" value=\"Send Request\" \/>\n\t<\/p>\n<\/div><\/div><p style=\"display: none !important;\" class=\"akismet-fields-container\" data-prefix=\"_wpcf7_ak_\"><label>&#916;<textarea name=\"_wpcf7_ak_hp_textarea\" cols=\"45\" rows=\"8\" maxlength=\"100\"><\/textarea><\/label><input type=\"hidden\" id=\"ak_js_1\" name=\"_wpcf7_ak_js\" value=\"92\"\/><script>document.getElementById( \"ak_js_1\" ).setAttribute( \"value\", ( new Date() ).getTime() );<\/script><\/p><div class=\"wpcf7-response-output\" aria-hidden=\"true\"><\/div>\n<input type=\"hidden\" name=\"trp-form-language\" value=\"en\"\/><\/form>\n<\/div><\/div>\r\n\t<\/div>\r\n\r\n\r\n\t\t\r\n\r\n<\/div>\r\n<\/div>\n\n<div class=\"fw-row\">\n\t\r\n<div class=\"sh-column sh-column-e43fe5a1a2753275160187440222c957 fw-col-xs-12\" >\r\n\r\n\t\r\n\t<div class=\"sh-column-wrapper\">\r\n\t\t\r\n<div id=\"divider-87a677b7fc63848d83c2042cd5dcf019\" class=\"sh-divider sh-divider-left sh-divider-content-none\">\r\n\t\t\t<div class=\"sh-divider-line\"><\/div>\r\n\t<\/div>\r\n\t<\/div>\r\n\r\n\r\n\t\t\r\n\r\n<\/div>\r\n<\/div>\n\n\t<\/div>\r\n<\/section>","protected":false},"excerpt":{"rendered":"<p>Posicionamiento Web El posicionamiento web de las p\u00e1ginas, conocido como SEO (acr\u00f3nimo en ingl\u00e9s de Search Engine Optimization), es un proceso en el cual se va mejorando peri\u00f3dicamente la posici\u00f3n de cada una de tus p\u00e1ginas web en los resultados de las b\u00fasquedas que se&#8230;<\/p>","protected":false},"author":1,"featured_media":0,"parent":90,"menu_order":0,"comment_status":"closed","ping_status":"closed","template":"","meta":{"footnotes":""},"class_list":["post-316","page","type-page","status-publish","hentry"],"yoast_head":"<!-- This site is optimized with the Yoast SEO plugin v26.6 - https:\/\/yoast.com\/wordpress\/plugins\/seo\/ -->\n<title>Posicionamiento Web - SEO - Agencia de Desarrollo Web - Costa Rica Virtual<\/title>\n<meta name=\"description\" content=\"Con el posicionamiento web, o SEO, mejoramos la posici\u00f3n de cada una de tus p\u00e1ginas web en los buscadores, como Google, Bing, o DuckDuckGo.\" \/>\n<meta name=\"robots\" content=\"index, follow, max-snippet:-1, max-image-preview:large, max-video-preview:-1\" \/>\n<link rel=\"canonical\" href=\"https:\/\/www.costaricavirtual.com\/en\/servicios-web\/posicionamiento-web-seo\/\" \/>\n<meta property=\"og:locale\" content=\"en_US\" \/>\n<meta property=\"og:type\" content=\"article\" \/>\n<meta property=\"og:title\" content=\"Posicionamiento Web - SEO - Agencia de Desarrollo Web - Costa Rica Virtual\" \/>\n<meta property=\"og:description\" content=\"Con el posicionamiento web, o SEO, mejoramos la posici\u00f3n de cada una de tus p\u00e1ginas web en los buscadores, como Google, Bing, o DuckDuckGo.\" \/>\n<meta property=\"og:url\" content=\"https:\/\/www.costaricavirtual.com\/en\/servicios-web\/posicionamiento-web-seo\/\" \/>\n<meta property=\"og:site_name\" content=\"Agencia de Desarrollo Web - Costa Rica Virtual\" \/>\n<meta property=\"article:modified_time\" content=\"2020-05-19T21:32:33+00:00\" \/>\n<meta property=\"og:image\" content=\"https:\/\/www.costaricavirtual.com\/wp-content\/uploads\/2018\/07\/enjoyguatemala-v2018-660x420.jpeg\" \/>\n<meta name=\"twitter:card\" content=\"summary_large_image\" \/>\n<meta name=\"twitter:label1\" content=\"Est. reading time\" \/>\n\t<meta name=\"twitter:data1\" content=\"2 minutes\" \/>\n<script type=\"application\/ld+json\" class=\"yoast-schema-graph\">{\"@context\":\"https:\/\/schema.org\",\"@graph\":[{\"@type\":\"WebPage\",\"@id\":\"https:\/\/www.costaricavirtual.com\/servicios-web\/posicionamiento-web-seo\/\",\"url\":\"https:\/\/www.costaricavirtual.com\/servicios-web\/posicionamiento-web-seo\/\",\"name\":\"Posicionamiento Web - SEO - Agencia de Desarrollo Web - Costa Rica Virtual\",\"isPartOf\":{\"@id\":\"https:\/\/www.costaricavirtual.com\/es\/#website\"},\"primaryImageOfPage\":{\"@id\":\"https:\/\/www.costaricavirtual.com\/servicios-web\/posicionamiento-web-seo\/#primaryimage\"},\"image\":{\"@id\":\"https:\/\/www.costaricavirtual.com\/servicios-web\/posicionamiento-web-seo\/#primaryimage\"},\"thumbnailUrl\":\"https:\/\/www.costaricavirtual.com\/wp-content\/uploads\/2018\/07\/enjoyguatemala-v2018-660x420.jpeg\",\"datePublished\":\"2020-05-19T20:34:59+00:00\",\"dateModified\":\"2020-05-19T21:32:33+00:00\",\"description\":\"Con el posicionamiento web, o SEO, mejoramos la posici\u00f3n de cada una de tus p\u00e1ginas web en los buscadores, como Google, Bing, o DuckDuckGo.\",\"breadcrumb\":{\"@id\":\"https:\/\/www.costaricavirtual.com\/servicios-web\/posicionamiento-web-seo\/#breadcrumb\"},\"inLanguage\":\"en-US\",\"potentialAction\":[{\"@type\":\"ReadAction\",\"target\":[\"https:\/\/www.costaricavirtual.com\/servicios-web\/posicionamiento-web-seo\/\"]}]},{\"@type\":\"ImageObject\",\"inLanguage\":\"en-US\",\"@id\":\"https:\/\/www.costaricavirtual.com\/servicios-web\/posicionamiento-web-seo\/#primaryimage\",\"url\":\"https:\/\/www.costaricavirtual.com\/wp-content\/uploads\/2018\/07\/enjoyguatemala-v2018-660x420.jpeg\",\"contentUrl\":\"https:\/\/www.costaricavirtual.com\/wp-content\/uploads\/2018\/07\/enjoyguatemala-v2018-660x420.jpeg\"},{\"@type\":\"BreadcrumbList\",\"@id\":\"https:\/\/www.costaricavirtual.com\/servicios-web\/posicionamiento-web-seo\/#breadcrumb\",\"itemListElement\":[{\"@type\":\"ListItem\",\"position\":1,\"name\":\"Home\",\"item\":\"https:\/\/www.costaricavirtual.com\/es\/\"},{\"@type\":\"ListItem\",\"position\":2,\"name\":\"Servicios Web\",\"item\":\"https:\/\/www.costaricavirtual.com\/servicios-web\/\"},{\"@type\":\"ListItem\",\"position\":3,\"name\":\"Posicionamiento Web &#8211; SEO\"}]},{\"@type\":\"WebSite\",\"@id\":\"https:\/\/www.costaricavirtual.com\/es\/#website\",\"url\":\"https:\/\/www.costaricavirtual.com\/es\/\",\"name\":\"Agencia de Desarrollo Web - Costa Rica Virtual\",\"description\":\"Agencia de desarrollo Web especializada en desarrollo de Aplicaciones Web, P\u00e1ginas Web y Tiendas en L\u00ednea\",\"potentialAction\":[{\"@type\":\"SearchAction\",\"target\":{\"@type\":\"EntryPoint\",\"urlTemplate\":\"https:\/\/www.costaricavirtual.com\/es\/?s={search_term_string}\"},\"query-input\":{\"@type\":\"PropertyValueSpecification\",\"valueRequired\":true,\"valueName\":\"search_term_string\"}}],\"inLanguage\":\"en-US\"}]}<\/script>\n<!-- \/ Yoast SEO plugin. -->","yoast_head_json":{"title":"Posicionamiento Web - SEO - Agencia de Desarrollo Web - Costa Rica Virtual","description":"Con el posicionamiento web, o SEO, mejoramos la posici\u00f3n de cada una de tus p\u00e1ginas web en los buscadores, como Google, Bing, o DuckDuckGo.","robots":{"index":"index","follow":"follow","max-snippet":"max-snippet:-1","max-image-preview":"max-image-preview:large","max-video-preview":"max-video-preview:-1"},"canonical":"https:\/\/www.costaricavirtual.com\/en\/servicios-web\/posicionamiento-web-seo\/","og_locale":"en_US","og_type":"article","og_title":"Posicionamiento Web - SEO - Agencia de Desarrollo Web - Costa Rica Virtual","og_description":"Con el posicionamiento web, o SEO, mejoramos la posici\u00f3n de cada una de tus p\u00e1ginas web en los buscadores, como Google, Bing, o DuckDuckGo.","og_url":"https:\/\/www.costaricavirtual.com\/en\/servicios-web\/posicionamiento-web-seo\/","og_site_name":"Agencia de Desarrollo Web - Costa Rica Virtual","article_modified_time":"2020-05-19T21:32:33+00:00","og_image":[{"url":"https:\/\/www.costaricavirtual.com\/wp-content\/uploads\/2018\/07\/enjoyguatemala-v2018-660x420.jpeg","type":"","width":"","height":""}],"twitter_card":"summary_large_image","twitter_misc":{"Est. reading time":"2 minutes"},"schema":{"@context":"https:\/\/schema.org","@graph":[{"@type":"WebPage","@id":"https:\/\/www.costaricavirtual.com\/servicios-web\/posicionamiento-web-seo\/","url":"https:\/\/www.costaricavirtual.com\/servicios-web\/posicionamiento-web-seo\/","name":"Posicionamiento Web - SEO - Agencia de Desarrollo Web - Costa Rica Virtual","isPartOf":{"@id":"https:\/\/www.costaricavirtual.com\/es\/#website"},"primaryImageOfPage":{"@id":"https:\/\/www.costaricavirtual.com\/servicios-web\/posicionamiento-web-seo\/#primaryimage"},"image":{"@id":"https:\/\/www.costaricavirtual.com\/servicios-web\/posicionamiento-web-seo\/#primaryimage"},"thumbnailUrl":"https:\/\/www.costaricavirtual.com\/wp-content\/uploads\/2018\/07\/enjoyguatemala-v2018-660x420.jpeg","datePublished":"2020-05-19T20:34:59+00:00","dateModified":"2020-05-19T21:32:33+00:00","description":"Con el posicionamiento web, o SEO, mejoramos la posici\u00f3n de cada una de tus p\u00e1ginas web en los buscadores, como Google, Bing, o DuckDuckGo.","breadcrumb":{"@id":"https:\/\/www.costaricavirtual.com\/servicios-web\/posicionamiento-web-seo\/#breadcrumb"},"inLanguage":"en-US","potentialAction":[{"@type":"ReadAction","target":["https:\/\/www.costaricavirtual.com\/servicios-web\/posicionamiento-web-seo\/"]}]},{"@type":"ImageObject","inLanguage":"en-US","@id":"https:\/\/www.costaricavirtual.com\/servicios-web\/posicionamiento-web-seo\/#primaryimage","url":"https:\/\/www.costaricavirtual.com\/wp-content\/uploads\/2018\/07\/enjoyguatemala-v2018-660x420.jpeg","contentUrl":"https:\/\/www.costaricavirtual.com\/wp-content\/uploads\/2018\/07\/enjoyguatemala-v2018-660x420.jpeg"},{"@type":"BreadcrumbList","@id":"https:\/\/www.costaricavirtual.com\/servicios-web\/posicionamiento-web-seo\/#breadcrumb","itemListElement":[{"@type":"ListItem","position":1,"name":"Home","item":"https:\/\/www.costaricavirtual.com\/es\/"},{"@type":"ListItem","position":2,"name":"Servicios Web","item":"https:\/\/www.costaricavirtual.com\/servicios-web\/"},{"@type":"ListItem","position":3,"name":"Posicionamiento Web &#8211; SEO"}]},{"@type":"WebSite","@id":"https:\/\/www.costaricavirtual.com\/es\/#website","url":"https:\/\/www.costaricavirtual.com\/es\/","name":"Agencia de Desarrollo Web - Costa Rica Virtual","description":"Agencia de desarrollo Web especializada en desarrollo de Aplicaciones Web, P\u00e1ginas Web y Tiendas en L\u00ednea","potentialAction":[{"@type":"SearchAction","target":{"@type":"EntryPoint","urlTemplate":"https:\/\/www.costaricavirtual.com\/es\/?s={search_term_string}"},"query-input":{"@type":"PropertyValueSpecification","valueRequired":true,"valueName":"search_term_string"}}],"inLanguage":"en-US"}]}},"_links":{"self":[{"href":"https:\/\/www.costaricavirtual.com\/en\/wp-json\/wp\/v2\/pages\/316","targetHints":{"allow":["GET"]}}],"collection":[{"href":"https:\/\/www.costaricavirtual.com\/en\/wp-json\/wp\/v2\/pages"}],"about":[{"href":"https:\/\/www.costaricavirtual.com\/en\/wp-json\/wp\/v2\/types\/page"}],"author":[{"embeddable":true,"href":"https:\/\/www.costaricavirtual.com\/en\/wp-json\/wp\/v2\/users\/1"}],"replies":[{"embeddable":true,"href":"https:\/\/www.costaricavirtual.com\/en\/wp-json\/wp\/v2\/comments?post=316"}],"version-history":[{"count":2,"href":"https:\/\/www.costaricavirtual.com\/en\/wp-json\/wp\/v2\/pages\/316\/revisions"}],"predecessor-version":[{"id":318,"href":"https:\/\/www.costaricavirtual.com\/en\/wp-json\/wp\/v2\/pages\/316\/revisions\/318"}],"up":[{"embeddable":true,"href":"https:\/\/www.costaricavirtual.com\/en\/wp-json\/wp\/v2\/pages\/90"}],"wp:attachment":[{"href":"https:\/\/www.costaricavirtual.com\/en\/wp-json\/wp\/v2\/media?parent=316"}],"curies":[{"name":"wp","href":"https:\/\/api.w.org\/{rel}","templated":true}]}}