{"id":76,"date":"2018-06-29T17:57:31","date_gmt":"2018-06-29T23:57:31","guid":{"rendered":"https:\/\/costaricavirtual.com\/wp\/?page_id=76"},"modified":"2023-11-02T11:30:52","modified_gmt":"2023-11-02T17:30:52","slug":"por-que-costa-rica-virtual","status":"publish","type":"page","link":"https:\/\/www.costaricavirtual.com\/en\/por-que-costa-rica-virtual\/","title":{"rendered":"Por qu\u00e9 Costa Rica Virtual?"},"content":{"rendered":"<section class=\"sh-section sh-section-1e46e4b95689796ba20276f7189b1c27 fw-main-row sh-section-visibility-everywhere\">\r\n\t\r\n\t\r\n\t<div class=\"sh-section-container container\">\r\n\t\t<div class=\"fw-row\">\n\t\r\n<div class=\"sh-column sh-column-1b7923dc8071721c3238c636ba7ce1a2 fw-col-xs-12 fw-col-sm-6\" >\r\n\r\n\t\r\n\t<div class=\"sh-column-wrapper\">\r\n\t\t\r\n<div class=\"sh-heading\" id=\"heading-c2e25df64c53e6564fa47e701b33d935\">\r\n\t<div class=\"sh-element-margin\">\r\n\r\n\t\t\r\n\t\t\t<h1 class=\"sh-heading-content size-default text-left\">\r\n\t\t\t\tCosta Rica Virtual\t\t\t<\/h1>\r\n\r\n\t\t\r\n\t<\/div>\r\n<\/div>\r\n\r\n<div id=\"text-block-5a0c5984378bcdb9415e2ae672b668d3\" class=\"sh-text-block\">\r\n\t<p>Costa Rica Virtual is a web development agency, specialized in offering web solutions to SME\u2019s, larger organizations and individuals. Our services include web application programming, online store creation, web page design, SEO services, web maintenance and graphic design.<\/p><p>We have been developing custom solutions for our clients since 2000. In those days we focused on programming systems for computers and computer networks through programming languages \u200b\u200band the use of databases. These days clients\u2019 needs have shifted to Internet only and we evolved to be their digital partner.<\/p><p>Our work philosophy lies in taking advantage of the opportunity that each project provides us to further grow together with our clients. Hence we emphasize on following a system to contribute to your success and enhance the return on your investment.<\/p><\/div>\r\n\t<\/div>\r\n\r\n\r\n\t\t\r\n\r\n<\/div>\r\n\r\n<div class=\"sh-column sh-column-ac0cc7f2fe688e59fae0bcf7430323ae fw-col-xs-12 fw-col-sm-6\" >\r\n\r\n\t\r\n\t<div class=\"sh-column-wrapper\">\r\n\t\t\r\n<div class=\"sh-heading\" id=\"heading-8512baa07f69c78d87049f14b9923d52\">\r\n\t<div class=\"sh-element-margin\">\r\n\r\n\t\t\r\n\t\t\t<h2 class=\"sh-heading-content size-default text-left\">\r\n\t\t\t\tWhy outsource web services to Costa Rica Virtual?\t\t\t<\/h2>\r\n\r\n\t\t\r\n\t<\/div>\r\n<\/div>\r\n\r\n<div id=\"text-block-2408e790e6da58aead3064cc93a947db\" class=\"sh-text-block\">\r\n\t<p>We are located in Costa Rica, a country that is on the Central time zone of the United States and Canada. This makes communicating easy and makes us available during office hours for all of North America. In the case of meetings, a flight to Houston takes 4 hours, or to New York just over 5 hours.<\/p><p>Professionals in Costa Rica are valued internationally because the country has one of the leading educational systems in Latin America, and a solid global labor system. The entry into the OECD highlights the progress and effort made by an entire country. Costa Rica stands out for its democratic stability and high levels of security in the region.<\/p><p>Costa Rica has gradually become an emerging country in the area of \u200b\u200btechnological services. This is confirmed by large technology companies which have established local headquarters in Costa Rica, such as HP, Amazon, Google, Intel and Accenture. The productivity and profitability of companies in the United States and Canada will improve with the outsourcing of web services to Virtual Costa Rica.<\/p><\/div>\r\n\t<\/div>\r\n\r\n\r\n\t\t\r\n\r\n<\/div>\r\n<\/div>\n\n<div class=\"fw-row\">\n\t\r\n<div class=\"sh-column sh-column-6862bebd3174e926f44ae32e4e547b5c fw-col-xs-12\" >\r\n\r\n\t\r\n\t<div class=\"sh-column-wrapper\">\r\n\t\t\r\n<div id=\"divider-45576538c330a6e7e67332ca00b9db60\" class=\"sh-divider sh-divider-left sh-divider-content-none\">\r\n\t\t\t<div class=\"sh-divider-line\"><\/div>\r\n\t<\/div>\r\n\t<\/div>\r\n\r\n\r\n\t\t\r\n\r\n<\/div>\r\n<\/div>\n\n\t<\/div>\r\n<\/section>\r\n\r\n<section class=\"sh-section sh-section-d0f85e363467badc2fab7ea4aa686e16 fw-main-row section-flex sh-section-visibility-everywhere\">\r\n\t\r\n\t\r\n\t<div class=\"sh-section-container container\">\r\n\t\t<div class=\"fw-row\">\n\t\r\n<div class=\"sh-column sh-column-f6c68f1eb917ba67a6f48a900e687b48 fw-col-xs-12 fw-col-sm-4 block-flex\" >\r\n\r\n\t\r\n\t<div class=\"sh-column-wrapper\">\r\n\t\t\r\n<div class=\"sh-heading\" id=\"heading-3c0bbf307732ee0e23d598451473a213\">\r\n\t<div class=\"sh-element-margin\">\r\n\r\n\t\t\r\n\t\t\t<h1 class=\"sh-heading-content size-default text-center\">\r\n\t\t\t\tMission\t\t\t<\/h1>\r\n\r\n\t\t\r\n\t<\/div>\r\n<\/div>\r\n\r\n<div id=\"text-block-970fad1835ea912b289a8f5a90f87edd\" class=\"sh-text-block\">\r\n\t<p style=\"text-align: center;\">Our mission is to provide efficient and effective web solutions that integrate with companies to improve and increase their productivity.<\/p><\/div>\r\n\t<\/div>\r\n\r\n\r\n\t\t\r\n\r\n<\/div>\r\n\r\n<div class=\"sh-column sh-column-ffa4470beb6c1f062bd40d137f974c46 fw-col-xs-12 fw-col-sm-4 block-flex\" >\r\n\r\n\t\r\n\t<div class=\"sh-column-wrapper\">\r\n\t\t\r\n<div class=\"sh-heading\" id=\"heading-5e63516d2f51513c0607d26eb49f48b3\">\r\n\t<div class=\"sh-element-margin\">\r\n\r\n\t\t\r\n\t\t\t<h1 class=\"sh-heading-content size-default text-center\">\r\n\t\t\t\tVision\t\t\t<\/h1>\r\n\r\n\t\t\r\n\t<\/div>\r\n<\/div>\r\n\r\n<div id=\"text-block-581d8c7bd2f38b58a751d5a6fae1b27c\" class=\"sh-text-block\">\r\n\t<p style=\"text-align: center;\">Create long-term relationships with our clients based on the excellence of our service. We aim at being a leading and innovative company in the technological world. Our success lies in the quality of our work, a timely execution, and at a competitive rate.<\/p><\/div>\r\n\t<\/div>\r\n\r\n\r\n\t\t\r\n\r\n<\/div>\r\n\r\n<div class=\"sh-column sh-column-985c6c4a0d6ba99cda7d5ae31cfbf3c6 fw-col-xs-12 fw-col-sm-4 block-flex\" >\r\n\r\n\t\r\n\t<div class=\"sh-column-wrapper\">\r\n\t\t\r\n<div class=\"sh-heading\" id=\"heading-2522f78fbdb429014daf4d247776be85\">\r\n\t<div class=\"sh-element-margin\">\r\n\r\n\t\t\r\n\t\t\t<h1 class=\"sh-heading-content size-default text-center\">\r\n\t\t\t\tValues\t\t\t<\/h1>\r\n\r\n\t\t\r\n\t<\/div>\r\n<\/div>\r\n\r\n<div id=\"text-block-046bbee9c0d673a3317b02fa8921444e\" class=\"sh-text-block\">\r\n\t<p style=\"text-align: center;\">We subscribe to honesty, confidentiality, integrity, improvement, service attitude, professionalism, efficiency, personalized attention, discipline, innovation and creativity.<\/p><\/div>\r\n\t<\/div>\r\n\r\n\r\n\t\t\r\n\r\n<\/div>\r\n<\/div>\n\n<div class=\"fw-row\">\n\t\r\n<div class=\"sh-column sh-column-a4f6d83332c649cf1790082d1584b58d fw-col-xs-12 fw-col-sm-4 block-flex\" >\r\n\r\n\t\r\n\t<div class=\"sh-column-wrapper\">\r\n\t\t\r\n<div class=\"sh-heading\" id=\"heading-86f4d1cb0928834a69221ff9133f21ca\">\r\n\t<div class=\"sh-element-margin\">\r\n\r\n\t\t\r\n\t\t\t<h1 class=\"sh-heading-content size-default text-center\">\r\n\t\t\t\tPlanning\t\t\t<\/h1>\r\n\r\n\t\t\r\n\t<\/div>\r\n<\/div>\r\n\r\n<div id=\"text-block-e23564ec7e470080aba9a7d65a2a33fe\" class=\"sh-text-block\">\r\n\t<p style=\"text-align: center;\">Understanding our client's needs, we focus on planning our projects with a view to the objectives set in terms of time, cost and scope.<\/p><\/div>\r\n\t<\/div>\r\n\r\n\r\n\t\t\r\n\r\n<\/div>\r\n\r\n<div class=\"sh-column sh-column-251acb97c1ff5863634c975a258c0cf1 fw-col-xs-12 fw-col-sm-4 block-flex\" >\r\n\r\n\t\r\n\t<div class=\"sh-column-wrapper\">\r\n\t\t\r\n<div class=\"sh-heading\" id=\"heading-700d4e3fe66b741d1ed609005f0d65c6\">\r\n\t<div class=\"sh-element-margin\">\r\n\r\n\t\t\r\n\t\t\t<h1 class=\"sh-heading-content size-default text-center\">\r\n\t\t\t\tImplementation\t\t\t<\/h1>\r\n\r\n\t\t\r\n\t<\/div>\r\n<\/div>\r\n\r\n<div id=\"text-block-cad045063f8e6bb1d37515d3494c6609\" class=\"sh-text-block\">\r\n\t<p style=\"text-align: center;\">We design and review the web services offered to be certain of meeting the proposed goal. We follow the approved proposal to the letter to fulfill what was agreed and promised.<\/p><\/div>\r\n\t<\/div>\r\n\r\n\r\n\t\t\r\n\r\n<\/div>\r\n\r\n<div class=\"sh-column sh-column-fc890253a7c02fd2562a459c5a0125e1 fw-col-xs-12 fw-col-sm-4 block-flex\" >\r\n\r\n\t\r\n\t<div class=\"sh-column-wrapper\">\r\n\t\t\r\n<div class=\"sh-heading\" id=\"heading-2a23235ee336ad40ce4e010a7732f2d3\">\r\n\t<div class=\"sh-element-margin\">\r\n\r\n\t\t\r\n\t\t\t<h1 class=\"sh-heading-content size-default text-center\">\r\n\t\t\t\tMaintenance\t\t\t<\/h1>\r\n\r\n\t\t\r\n\t<\/div>\r\n<\/div>\r\n\r\n<div id=\"text-block-b559c729f579436940b9490cca4cf01f\" class=\"sh-text-block\">\r\n\t<p style=\"text-align: center;\">We do not lose sight of your investment! We update your content, we position your company in the search engines, we monitor your web presence: in short, we make sure that your company, project or services are constantly evolving.<\/p><\/div>\r\n\t<\/div>\r\n\r\n\r\n\t\t\r\n\r\n<\/div>\r\n<\/div>\n\n\t<\/div>\r\n<\/section>","protected":false},"excerpt":{"rendered":"<p>Costa Rica Virtual Costa Rica Virtual es una agencia de desarrollo web, especialista en ofrecer soluciones web a empresas, PYMES y organizaciones. Nuestros servicios incluyen programaci\u00f3n de aplicaciones web, creaci\u00f3n de tiendas en l\u00ednea, dise\u00f1o de p\u00e1ginas web, posicionamiento web, mantenimiento web y dise\u00f1o gr\u00e1fico.Desde&#8230;<\/p>","protected":false},"author":1,"featured_media":0,"parent":0,"menu_order":0,"comment_status":"closed","ping_status":"closed","template":"","meta":{"footnotes":""},"class_list":["post-76","page","type-page","status-publish","hentry"],"yoast_head":"<!-- This site is optimized with the Yoast SEO plugin v26.6 - https:\/\/yoast.com\/wordpress\/plugins\/seo\/ -->\n<title>Por qu\u00e9 Costa Rica Virtual? - Agencia de Desarrollo Web - Costa Rica Virtual<\/title>\n<meta name=\"description\" content=\"Somos una agencia de desarrollo web, ubicada en Heredia, Costa Rica, especialista en ofrecer soluciones web a empresas, PYMES y organizaciones.\" \/>\n<meta name=\"robots\" content=\"index, follow, max-snippet:-1, max-image-preview:large, max-video-preview:-1\" \/>\n<link rel=\"canonical\" href=\"https:\/\/www.costaricavirtual.com\/en\/por-que-costa-rica-virtual\/\" \/>\n<meta property=\"og:locale\" content=\"en_US\" \/>\n<meta property=\"og:type\" content=\"article\" \/>\n<meta property=\"og:title\" content=\"Por qu\u00e9 Costa Rica Virtual? - Agencia de Desarrollo Web - Costa Rica Virtual\" \/>\n<meta property=\"og:description\" content=\"Somos una agencia de desarrollo web, ubicada en Heredia, Costa Rica, especialista en ofrecer soluciones web a empresas, PYMES y organizaciones.\" \/>\n<meta property=\"og:url\" content=\"https:\/\/www.costaricavirtual.com\/en\/por-que-costa-rica-virtual\/\" \/>\n<meta property=\"og:site_name\" content=\"Agencia de Desarrollo Web - Costa Rica Virtual\" \/>\n<meta property=\"article:modified_time\" content=\"2023-11-02T17:30:52+00:00\" \/>\n<meta name=\"twitter:card\" content=\"summary_large_image\" \/>\n<meta name=\"twitter:label1\" content=\"Est. reading time\" \/>\n\t<meta name=\"twitter:data1\" content=\"3 minutes\" \/>\n<script type=\"application\/ld+json\" class=\"yoast-schema-graph\">{\"@context\":\"https:\/\/schema.org\",\"@graph\":[{\"@type\":\"WebPage\",\"@id\":\"https:\/\/www.costaricavirtual.com\/por-que-costa-rica-virtual\/\",\"url\":\"https:\/\/www.costaricavirtual.com\/por-que-costa-rica-virtual\/\",\"name\":\"Por qu\u00e9 Costa Rica Virtual? - Agencia de Desarrollo Web - Costa Rica Virtual\",\"isPartOf\":{\"@id\":\"https:\/\/www.costaricavirtual.com\/es\/#website\"},\"datePublished\":\"2018-06-29T23:57:31+00:00\",\"dateModified\":\"2023-11-02T17:30:52+00:00\",\"description\":\"Somos una agencia de desarrollo web, ubicada en Heredia, Costa Rica, especialista en ofrecer soluciones web a empresas, PYMES y organizaciones.\",\"breadcrumb\":{\"@id\":\"https:\/\/www.costaricavirtual.com\/por-que-costa-rica-virtual\/#breadcrumb\"},\"inLanguage\":\"en-US\",\"potentialAction\":[{\"@type\":\"ReadAction\",\"target\":[\"https:\/\/www.costaricavirtual.com\/por-que-costa-rica-virtual\/\"]}]},{\"@type\":\"BreadcrumbList\",\"@id\":\"https:\/\/www.costaricavirtual.com\/por-que-costa-rica-virtual\/#breadcrumb\",\"itemListElement\":[{\"@type\":\"ListItem\",\"position\":1,\"name\":\"Home\",\"item\":\"https:\/\/www.costaricavirtual.com\/es\/\"},{\"@type\":\"ListItem\",\"position\":2,\"name\":\"Por qu\u00e9 Costa Rica Virtual?\"}]},{\"@type\":\"WebSite\",\"@id\":\"https:\/\/www.costaricavirtual.com\/es\/#website\",\"url\":\"https:\/\/www.costaricavirtual.com\/es\/\",\"name\":\"Agencia de Desarrollo Web - Costa Rica Virtual\",\"description\":\"Agencia de desarrollo Web especializada en desarrollo de Aplicaciones Web, P\u00e1ginas Web y Tiendas en L\u00ednea\",\"potentialAction\":[{\"@type\":\"SearchAction\",\"target\":{\"@type\":\"EntryPoint\",\"urlTemplate\":\"https:\/\/www.costaricavirtual.com\/es\/?s={search_term_string}\"},\"query-input\":{\"@type\":\"PropertyValueSpecification\",\"valueRequired\":true,\"valueName\":\"search_term_string\"}}],\"inLanguage\":\"en-US\"}]}<\/script>\n<!-- \/ Yoast SEO plugin. -->","yoast_head_json":{"title":"Por qu\u00e9 Costa Rica Virtual? - Agencia de Desarrollo Web - Costa Rica Virtual","description":"Somos una agencia de desarrollo web, ubicada en Heredia, Costa Rica, especialista en ofrecer soluciones web a empresas, PYMES y organizaciones.","robots":{"index":"index","follow":"follow","max-snippet":"max-snippet:-1","max-image-preview":"max-image-preview:large","max-video-preview":"max-video-preview:-1"},"canonical":"https:\/\/www.costaricavirtual.com\/en\/por-que-costa-rica-virtual\/","og_locale":"en_US","og_type":"article","og_title":"Por qu\u00e9 Costa Rica Virtual? - Agencia de Desarrollo Web - Costa Rica Virtual","og_description":"Somos una agencia de desarrollo web, ubicada en Heredia, Costa Rica, especialista en ofrecer soluciones web a empresas, PYMES y organizaciones.","og_url":"https:\/\/www.costaricavirtual.com\/en\/por-que-costa-rica-virtual\/","og_site_name":"Agencia de Desarrollo Web - Costa Rica Virtual","article_modified_time":"2023-11-02T17:30:52+00:00","twitter_card":"summary_large_image","twitter_misc":{"Est. reading time":"3 minutes"},"schema":{"@context":"https:\/\/schema.org","@graph":[{"@type":"WebPage","@id":"https:\/\/www.costaricavirtual.com\/por-que-costa-rica-virtual\/","url":"https:\/\/www.costaricavirtual.com\/por-que-costa-rica-virtual\/","name":"Por qu\u00e9 Costa Rica Virtual? - Agencia de Desarrollo Web - Costa Rica Virtual","isPartOf":{"@id":"https:\/\/www.costaricavirtual.com\/es\/#website"},"datePublished":"2018-06-29T23:57:31+00:00","dateModified":"2023-11-02T17:30:52+00:00","description":"Somos una agencia de desarrollo web, ubicada en Heredia, Costa Rica, especialista en ofrecer soluciones web a empresas, PYMES y organizaciones.","breadcrumb":{"@id":"https:\/\/www.costaricavirtual.com\/por-que-costa-rica-virtual\/#breadcrumb"},"inLanguage":"en-US","potentialAction":[{"@type":"ReadAction","target":["https:\/\/www.costaricavirtual.com\/por-que-costa-rica-virtual\/"]}]},{"@type":"BreadcrumbList","@id":"https:\/\/www.costaricavirtual.com\/por-que-costa-rica-virtual\/#breadcrumb","itemListElement":[{"@type":"ListItem","position":1,"name":"Home","item":"https:\/\/www.costaricavirtual.com\/es\/"},{"@type":"ListItem","position":2,"name":"Por qu\u00e9 Costa Rica Virtual?"}]},{"@type":"WebSite","@id":"https:\/\/www.costaricavirtual.com\/es\/#website","url":"https:\/\/www.costaricavirtual.com\/es\/","name":"Agencia de Desarrollo Web - Costa Rica Virtual","description":"Agencia de desarrollo Web especializada en desarrollo de Aplicaciones Web, P\u00e1ginas Web y Tiendas en L\u00ednea","potentialAction":[{"@type":"SearchAction","target":{"@type":"EntryPoint","urlTemplate":"https:\/\/www.costaricavirtual.com\/es\/?s={search_term_string}"},"query-input":{"@type":"PropertyValueSpecification","valueRequired":true,"valueName":"search_term_string"}}],"inLanguage":"en-US"}]}},"_links":{"self":[{"href":"https:\/\/www.costaricavirtual.com\/en\/wp-json\/wp\/v2\/pages\/76","targetHints":{"allow":["GET"]}}],"collection":[{"href":"https:\/\/www.costaricavirtual.com\/en\/wp-json\/wp\/v2\/pages"}],"about":[{"href":"https:\/\/www.costaricavirtual.com\/en\/wp-json\/wp\/v2\/types\/page"}],"author":[{"embeddable":true,"href":"https:\/\/www.costaricavirtual.com\/en\/wp-json\/wp\/v2\/users\/1"}],"replies":[{"embeddable":true,"href":"https:\/\/www.costaricavirtual.com\/en\/wp-json\/wp\/v2\/comments?post=76"}],"version-history":[{"count":34,"href":"https:\/\/www.costaricavirtual.com\/en\/wp-json\/wp\/v2\/pages\/76\/revisions"}],"predecessor-version":[{"id":374,"href":"https:\/\/www.costaricavirtual.com\/en\/wp-json\/wp\/v2\/pages\/76\/revisions\/374"}],"wp:attachment":[{"href":"https:\/\/www.costaricavirtual.com\/en\/wp-json\/wp\/v2\/media?parent=76"}],"curies":[{"name":"wp","href":"https:\/\/api.w.org\/{rel}","templated":true}]}}