{"id":76,"date":"2018-06-29T17:57:31","date_gmt":"2018-06-29T23:57:31","guid":{"rendered":"https:\/\/costaricavirtual.com\/wp\/?page_id=76"},"modified":"2023-11-02T11:30:52","modified_gmt":"2023-11-02T17:30:52","slug":"por-que-costa-rica-virtual","status":"publish","type":"page","link":"https:\/\/www.costaricavirtual.com\/es\/por-que-costa-rica-virtual\/","title":{"rendered":"Por qu\u00e9 Costa Rica Virtual?"},"content":{"rendered":"<section class=\"sh-section sh-section-1e46e4b95689796ba20276f7189b1c27 fw-main-row sh-section-visibility-everywhere\">\r\n\t\r\n\t\r\n\t<div class=\"sh-section-container container\">\r\n\t\t<div class=\"fw-row\">\n\t\r\n<div class=\"sh-column sh-column-1b7923dc8071721c3238c636ba7ce1a2 fw-col-xs-12 fw-col-sm-6\" >\r\n\r\n\t\r\n\t<div class=\"sh-column-wrapper\">\r\n\t\t\r\n<div class=\"sh-heading  \" id=\"heading-c2e25df64c53e6564fa47e701b33d935\">\r\n\t<div class=\"sh-element-margin\">\r\n\r\n\t\t\r\n\t\t\t<h1 class=\"sh-heading-content size-default text-left\">\r\n\t\t\t\tCosta Rica Virtual\t\t\t<\/h1>\r\n\r\n\t\t\r\n\t<\/div>\r\n<\/div>\r\n\r\n<div id=\"text-block-5a0c5984378bcdb9415e2ae672b668d3\" class=\"sh-text-block\">\r\n\t<p>Costa Rica Virtual es una agencia de desarrollo web, especialista en ofrecer soluciones web a empresas, PYMES y organizaciones. Nuestros servicios incluyen programaci\u00f3n de aplicaciones web, creaci\u00f3n de tiendas en l\u00ednea, dise\u00f1o de p\u00e1ginas web, posicionamiento web, mantenimiento web y dise\u00f1o gr\u00e1fico.<\/p><p>Desde el a\u00f1o de 2000 desarrollamos soluciones a la medida para nuestros clientes. En aquellos tiempos nos enfoc\u00e1bamos en programaci\u00f3n de sistemas para computadoras y redes de c\u00f3mputo, por medio de lenguajes de programaci\u00f3n y el uso de bases de datos. Actualmente, de la mano con los avances tecnol\u00f3gicos, las necesidades de nuestros clientes se basan en internet \u00fanicamente, y evolucionamos para seguir siendo su socio digital.<\/p><p>La base de nuestra filosof\u00eda de trabajo radica en aprovechar la oportunidad que cada proyecto nos da para crecer en conjunto con nuestros clientes. De all\u00ed lo importante de seguir un sistema de trabajo para potencializar el \u00e9xito y rendimiento de su inversi\u00f3n.<\/p><\/div>\r\n\t<\/div>\r\n\r\n\r\n\t\t\r\n\r\n<\/div>\r\n\r\n<div class=\"sh-column sh-column-ac0cc7f2fe688e59fae0bcf7430323ae fw-col-xs-12 fw-col-sm-6\" >\r\n\r\n\t\r\n\t<div class=\"sh-column-wrapper\">\r\n\t\t\r\n<div class=\"sh-heading  \" id=\"heading-8512baa07f69c78d87049f14b9923d52\">\r\n\t<div class=\"sh-element-margin\">\r\n\r\n\t\t\r\n\t\t\t<h2 class=\"sh-heading-content size-default text-left\">\r\n\t\t\t\t\u00bfPor qu\u00e9 contratar servicios web a Costa Rica Virtual?\t\t\t<\/h2>\r\n\r\n\t\t\r\n\t<\/div>\r\n<\/div>\r\n\r\n<div id=\"text-block-2408e790e6da58aead3064cc93a947db\" class=\"sh-text-block\">\r\n\t<p>Empecemos porque estamos ubicados en Costa Rica, un pa\u00eds que comparte la zona horaria CST con Estados Unidos y Canad\u00e1. Esto nos da disponibilidad en horario de oficina para todo Norte Am\u00e9rica. En caso de reuniones, un vuelo a Houston toma 4 horas, o a New York unas 5 horas.<\/p><p>Los profesionales en Costa Rica son valorados internacionalmente debido a que el pa\u00eds cuenta con un sistema educativo l\u00edder en America Latina, y un sistema laboral s\u00f3lido a nivel mundial. El ingreso del pa\u00eds a la OCDE resalta el progreso y esfuerzo realizado por todo un pa\u00eds, que destaca por su estabilidad democr\u00e1tica y altos niveles de seguridad en la regi\u00f3n.<\/p><p>Costa Rica se ha convertido poco a poco en un pa\u00eds emergente en el \u00e1rea de servicios tecnol\u00f3gicos. Lo ratifican grandes compa\u00f1\u00edas de tecnolog\u00eda que tienen sedes de operaciones en Costa Rica, como HP, Amazon, Google, Intel, Accenture. La productividad y rentabilidad de las empresas en Estados Unidos y Canad\u00e1 mejorar\u00e1n con la subcontrataci\u00f3n de servicios web a Costa Rica Virtual.<\/p><\/div>\r\n\t<\/div>\r\n\r\n\r\n\t\t\r\n\r\n<\/div>\r\n<\/div>\n\n<div class=\"fw-row\">\n\t\r\n<div class=\"sh-column sh-column-6862bebd3174e926f44ae32e4e547b5c fw-col-xs-12\" >\r\n\r\n\t\r\n\t<div class=\"sh-column-wrapper\">\r\n\t\t\r\n<div id=\"divider-45576538c330a6e7e67332ca00b9db60\" class=\"sh-divider sh-divider-left sh-divider-content-none\">\r\n\t\t\t<div class=\"sh-divider-line\"><\/div>\r\n\t<\/div>\r\n\t<\/div>\r\n\r\n\r\n\t\t\r\n\r\n<\/div>\r\n<\/div>\n\n\t<\/div>\r\n<\/section>\r\n\r\n<section class=\"sh-section sh-section-d0f85e363467badc2fab7ea4aa686e16 fw-main-row section-flex sh-section-visibility-everywhere\">\r\n\t\r\n\t\r\n\t<div class=\"sh-section-container container\">\r\n\t\t<div class=\"fw-row\">\n\t\r\n<div class=\"sh-column sh-column-f6c68f1eb917ba67a6f48a900e687b48 fw-col-xs-12 fw-col-sm-4 block-flex\" >\r\n\r\n\t\r\n\t<div class=\"sh-column-wrapper\">\r\n\t\t\r\n<div class=\"sh-heading  \" id=\"heading-3c0bbf307732ee0e23d598451473a213\">\r\n\t<div class=\"sh-element-margin\">\r\n\r\n\t\t\r\n\t\t\t<h1 class=\"sh-heading-content size-default text-center\">\r\n\t\t\t\tMisi\u00f3n\t\t\t<\/h1>\r\n\r\n\t\t\r\n\t<\/div>\r\n<\/div>\r\n\r\n<div id=\"text-block-970fad1835ea912b289a8f5a90f87edd\" class=\"sh-text-block\">\r\n\t<p style=\"text-align: center;\">D\u00eda a d\u00eda trabajamos para proveer soluciones web modernas y efectivas que se integren a las empresas, mejoren e incrementen su productividad.<\/p><\/div>\r\n\t<\/div>\r\n\r\n\r\n\t\t\r\n\r\n<\/div>\r\n\r\n<div class=\"sh-column sh-column-ffa4470beb6c1f062bd40d137f974c46 fw-col-xs-12 fw-col-sm-4 block-flex\" >\r\n\r\n\t\r\n\t<div class=\"sh-column-wrapper\">\r\n\t\t\r\n<div class=\"sh-heading  \" id=\"heading-5e63516d2f51513c0607d26eb49f48b3\">\r\n\t<div class=\"sh-element-margin\">\r\n\r\n\t\t\r\n\t\t\t<h1 class=\"sh-heading-content size-default text-center\">\r\n\t\t\t\tVisi\u00f3n\t\t\t<\/h1>\r\n\r\n\t\t\r\n\t<\/div>\r\n<\/div>\r\n\r\n<div id=\"text-block-581d8c7bd2f38b58a751d5a6fae1b27c\" class=\"sh-text-block\">\r\n\t<p style=\"text-align: center;\">Crear relaciones a largo plazo con nuestros clientes basadas en la excelencia de nuestro servicio. Ser una empresa l\u00edder e innovadora en el mundo tecnol\u00f3gico. Nuestro \u00e9xito radica en la calidad del trabajo, ejecuci\u00f3n a tiempo y precio competitivo.<\/p><\/div>\r\n\t<\/div>\r\n\r\n\r\n\t\t\r\n\r\n<\/div>\r\n\r\n<div class=\"sh-column sh-column-985c6c4a0d6ba99cda7d5ae31cfbf3c6 fw-col-xs-12 fw-col-sm-4 block-flex\" >\r\n\r\n\t\r\n\t<div class=\"sh-column-wrapper\">\r\n\t\t\r\n<div class=\"sh-heading  \" id=\"heading-2522f78fbdb429014daf4d247776be85\">\r\n\t<div class=\"sh-element-margin\">\r\n\r\n\t\t\r\n\t\t\t<h1 class=\"sh-heading-content size-default text-center\">\r\n\t\t\t\tValores\t\t\t<\/h1>\r\n\r\n\t\t\r\n\t<\/div>\r\n<\/div>\r\n\r\n<div id=\"text-block-046bbee9c0d673a3317b02fa8921444e\" class=\"sh-text-block\">\r\n\t<p style=\"text-align: center;\">Promovemos los valores de honradez, honestidad, confidencialidad, integridad, superaci\u00f3n, actitud de servicio, profesionalismo, eficiencia, atenci\u00f3n personalizada, disciplina, innovaci\u00f3n y creatividad.<\/p><\/div>\r\n\t<\/div>\r\n\r\n\r\n\t\t\r\n\r\n<\/div>\r\n<\/div>\n\n<div class=\"fw-row\">\n\t\r\n<div class=\"sh-column sh-column-a4f6d83332c649cf1790082d1584b58d fw-col-xs-12 fw-col-sm-4 block-flex\" >\r\n\r\n\t\r\n\t<div class=\"sh-column-wrapper\">\r\n\t\t\r\n<div class=\"sh-heading  \" id=\"heading-86f4d1cb0928834a69221ff9133f21ca\">\r\n\t<div class=\"sh-element-margin\">\r\n\r\n\t\t\r\n\t\t\t<h1 class=\"sh-heading-content size-default text-center\">\r\n\t\t\t\tPlaneamiento\t\t\t<\/h1>\r\n\r\n\t\t\r\n\t<\/div>\r\n<\/div>\r\n\r\n<div id=\"text-block-e23564ec7e470080aba9a7d65a2a33fe\" class=\"sh-text-block\">\r\n\t<p style=\"text-align: center;\">Conociendo las necesidades del cliente, nos abocamos a planificar el desarrollo con vista en los objetivos trazados en t\u00e9rminos de tiempo, costo y alcance.<\/p><\/div>\r\n\t<\/div>\r\n\r\n\r\n\t\t\r\n\r\n<\/div>\r\n\r\n<div class=\"sh-column sh-column-251acb97c1ff5863634c975a258c0cf1 fw-col-xs-12 fw-col-sm-4 block-flex\" >\r\n\r\n\t\r\n\t<div class=\"sh-column-wrapper\">\r\n\t\t\r\n<div class=\"sh-heading  \" id=\"heading-700d4e3fe66b741d1ed609005f0d65c6\">\r\n\t<div class=\"sh-element-margin\">\r\n\r\n\t\t\r\n\t\t\t<h1 class=\"sh-heading-content size-default text-center\">\r\n\t\t\t\tImplementaci\u00f3n\t\t\t<\/h1>\r\n\r\n\t\t\r\n\t<\/div>\r\n<\/div>\r\n\r\n<div id=\"text-block-cad045063f8e6bb1d37515d3494c6609\" class=\"sh-text-block\">\r\n\t<p style=\"text-align: center;\">Dise\u00f1amos y revisamos el servicio web ofrecido para tener la certeza de cumplir con la meta propuesta. Seguimos al pie de la letra la propuesta aprobada para cumplir con lo prometido.<\/p><\/div>\r\n\t<\/div>\r\n\r\n\r\n\t\t\r\n\r\n<\/div>\r\n\r\n<div class=\"sh-column sh-column-fc890253a7c02fd2562a459c5a0125e1 fw-col-xs-12 fw-col-sm-4 block-flex\" >\r\n\r\n\t\r\n\t<div class=\"sh-column-wrapper\">\r\n\t\t\r\n<div class=\"sh-heading  \" id=\"heading-2a23235ee336ad40ce4e010a7732f2d3\">\r\n\t<div class=\"sh-element-margin\">\r\n\r\n\t\t\r\n\t\t\t<h1 class=\"sh-heading-content size-default text-center\">\r\n\t\t\t\tMantenimiento\t\t\t<\/h1>\r\n\r\n\t\t\r\n\t<\/div>\r\n<\/div>\r\n\r\n<div id=\"text-block-b559c729f579436940b9490cca4cf01f\" class=\"sh-text-block\">\r\n\t<p style=\"text-align: center;\">No perdemos de vista su inversi\u00f3n, actualizamos el contenido, lo posicionamos en los buscadores, lo monitoreamos, en fin, buscamos una evoluci\u00f3n constante en su proyecto.<\/p><\/div>\r\n\t<\/div>\r\n\r\n\r\n\t\t\r\n\r\n<\/div>\r\n<\/div>\n\n\t<\/div>\r\n<\/section>\n","protected":false},"excerpt":{"rendered":"<p>Costa Rica Virtual Costa Rica Virtual es una agencia de desarrollo web, especialista en ofrecer soluciones web a empresas, PYMES y organizaciones. Nuestros servicios incluyen programaci\u00f3n de aplicaciones web, creaci\u00f3n de tiendas en l\u00ednea, dise\u00f1o de p\u00e1ginas web, posicionamiento web, mantenimiento web y dise\u00f1o gr\u00e1fico.Desde&#8230;<\/p>\n","protected":false},"author":1,"featured_media":0,"parent":0,"menu_order":0,"comment_status":"closed","ping_status":"closed","template":"","meta":{"footnotes":""},"class_list":["post-76","page","type-page","status-publish","hentry"],"yoast_head":"<!-- This site is optimized with the Yoast SEO plugin v26.6 - https:\/\/yoast.com\/wordpress\/plugins\/seo\/ -->\n<title>Por qu\u00e9 Costa Rica Virtual? - Agencia de Desarrollo Web - Costa Rica Virtual<\/title>\n<meta name=\"description\" content=\"Somos una agencia de desarrollo web, ubicada en Heredia, Costa Rica, especialista en ofrecer soluciones web a empresas, PYMES y organizaciones.\" \/>\n<meta name=\"robots\" content=\"index, follow, max-snippet:-1, max-image-preview:large, max-video-preview:-1\" \/>\n<link rel=\"canonical\" href=\"https:\/\/www.costaricavirtual.com\/es\/por-que-costa-rica-virtual\/\" \/>\n<meta property=\"og:locale\" content=\"es_ES\" \/>\n<meta property=\"og:type\" content=\"article\" \/>\n<meta property=\"og:title\" content=\"Por qu\u00e9 Costa Rica Virtual? - Agencia de Desarrollo Web - Costa Rica Virtual\" \/>\n<meta property=\"og:description\" content=\"Somos una agencia de desarrollo web, ubicada en Heredia, Costa Rica, especialista en ofrecer soluciones web a empresas, PYMES y organizaciones.\" \/>\n<meta property=\"og:url\" content=\"https:\/\/www.costaricavirtual.com\/es\/por-que-costa-rica-virtual\/\" \/>\n<meta property=\"og:site_name\" content=\"Agencia de Desarrollo Web - Costa Rica Virtual\" \/>\n<meta property=\"article:modified_time\" content=\"2023-11-02T17:30:52+00:00\" \/>\n<meta name=\"twitter:card\" content=\"summary_large_image\" \/>\n<meta name=\"twitter:label1\" content=\"Tiempo de lectura\" \/>\n\t<meta name=\"twitter:data1\" content=\"3 minutos\" \/>\n<script type=\"application\/ld+json\" class=\"yoast-schema-graph\">{\"@context\":\"https:\/\/schema.org\",\"@graph\":[{\"@type\":\"WebPage\",\"@id\":\"https:\/\/www.costaricavirtual.com\/por-que-costa-rica-virtual\/\",\"url\":\"https:\/\/www.costaricavirtual.com\/por-que-costa-rica-virtual\/\",\"name\":\"Por qu\u00e9 Costa Rica Virtual? - Agencia de Desarrollo Web - Costa Rica Virtual\",\"isPartOf\":{\"@id\":\"https:\/\/www.costaricavirtual.com\/es\/#website\"},\"datePublished\":\"2018-06-29T23:57:31+00:00\",\"dateModified\":\"2023-11-02T17:30:52+00:00\",\"description\":\"Somos una agencia de desarrollo web, ubicada en Heredia, Costa Rica, especialista en ofrecer soluciones web a empresas, PYMES y organizaciones.\",\"breadcrumb\":{\"@id\":\"https:\/\/www.costaricavirtual.com\/por-que-costa-rica-virtual\/#breadcrumb\"},\"inLanguage\":\"es\",\"potentialAction\":[{\"@type\":\"ReadAction\",\"target\":[\"https:\/\/www.costaricavirtual.com\/por-que-costa-rica-virtual\/\"]}]},{\"@type\":\"BreadcrumbList\",\"@id\":\"https:\/\/www.costaricavirtual.com\/por-que-costa-rica-virtual\/#breadcrumb\",\"itemListElement\":[{\"@type\":\"ListItem\",\"position\":1,\"name\":\"Home\",\"item\":\"https:\/\/www.costaricavirtual.com\/es\/\"},{\"@type\":\"ListItem\",\"position\":2,\"name\":\"Por qu\u00e9 Costa Rica Virtual?\"}]},{\"@type\":\"WebSite\",\"@id\":\"https:\/\/www.costaricavirtual.com\/es\/#website\",\"url\":\"https:\/\/www.costaricavirtual.com\/es\/\",\"name\":\"Agencia de Desarrollo Web - Costa Rica Virtual\",\"description\":\"Agencia de desarrollo Web especializada en desarrollo de Aplicaciones Web, P\u00e1ginas Web y Tiendas en L\u00ednea\",\"potentialAction\":[{\"@type\":\"SearchAction\",\"target\":{\"@type\":\"EntryPoint\",\"urlTemplate\":\"https:\/\/www.costaricavirtual.com\/es\/?s={search_term_string}\"},\"query-input\":{\"@type\":\"PropertyValueSpecification\",\"valueRequired\":true,\"valueName\":\"search_term_string\"}}],\"inLanguage\":\"es\"}]}<\/script>\n<!-- \/ Yoast SEO plugin. -->","yoast_head_json":{"title":"Por qu\u00e9 Costa Rica Virtual? - Agencia de Desarrollo Web - Costa Rica Virtual","description":"Somos una agencia de desarrollo web, ubicada en Heredia, Costa Rica, especialista en ofrecer soluciones web a empresas, PYMES y organizaciones.","robots":{"index":"index","follow":"follow","max-snippet":"max-snippet:-1","max-image-preview":"max-image-preview:large","max-video-preview":"max-video-preview:-1"},"canonical":"https:\/\/www.costaricavirtual.com\/es\/por-que-costa-rica-virtual\/","og_locale":"es_ES","og_type":"article","og_title":"Por qu\u00e9 Costa Rica Virtual? - Agencia de Desarrollo Web - Costa Rica Virtual","og_description":"Somos una agencia de desarrollo web, ubicada en Heredia, Costa Rica, especialista en ofrecer soluciones web a empresas, PYMES y organizaciones.","og_url":"https:\/\/www.costaricavirtual.com\/es\/por-que-costa-rica-virtual\/","og_site_name":"Agencia de Desarrollo Web - Costa Rica Virtual","article_modified_time":"2023-11-02T17:30:52+00:00","twitter_card":"summary_large_image","twitter_misc":{"Tiempo de lectura":"3 minutos"},"schema":{"@context":"https:\/\/schema.org","@graph":[{"@type":"WebPage","@id":"https:\/\/www.costaricavirtual.com\/por-que-costa-rica-virtual\/","url":"https:\/\/www.costaricavirtual.com\/por-que-costa-rica-virtual\/","name":"Por qu\u00e9 Costa Rica Virtual? - Agencia de Desarrollo Web - Costa Rica Virtual","isPartOf":{"@id":"https:\/\/www.costaricavirtual.com\/es\/#website"},"datePublished":"2018-06-29T23:57:31+00:00","dateModified":"2023-11-02T17:30:52+00:00","description":"Somos una agencia de desarrollo web, ubicada en Heredia, Costa Rica, especialista en ofrecer soluciones web a empresas, PYMES y organizaciones.","breadcrumb":{"@id":"https:\/\/www.costaricavirtual.com\/por-que-costa-rica-virtual\/#breadcrumb"},"inLanguage":"es","potentialAction":[{"@type":"ReadAction","target":["https:\/\/www.costaricavirtual.com\/por-que-costa-rica-virtual\/"]}]},{"@type":"BreadcrumbList","@id":"https:\/\/www.costaricavirtual.com\/por-que-costa-rica-virtual\/#breadcrumb","itemListElement":[{"@type":"ListItem","position":1,"name":"Home","item":"https:\/\/www.costaricavirtual.com\/es\/"},{"@type":"ListItem","position":2,"name":"Por qu\u00e9 Costa Rica Virtual?"}]},{"@type":"WebSite","@id":"https:\/\/www.costaricavirtual.com\/es\/#website","url":"https:\/\/www.costaricavirtual.com\/es\/","name":"Agencia de Desarrollo Web - Costa Rica Virtual","description":"Agencia de desarrollo Web especializada en desarrollo de Aplicaciones Web, P\u00e1ginas Web y Tiendas en L\u00ednea","potentialAction":[{"@type":"SearchAction","target":{"@type":"EntryPoint","urlTemplate":"https:\/\/www.costaricavirtual.com\/es\/?s={search_term_string}"},"query-input":{"@type":"PropertyValueSpecification","valueRequired":true,"valueName":"search_term_string"}}],"inLanguage":"es"}]}},"_links":{"self":[{"href":"https:\/\/www.costaricavirtual.com\/es\/wp-json\/wp\/v2\/pages\/76","targetHints":{"allow":["GET"]}}],"collection":[{"href":"https:\/\/www.costaricavirtual.com\/es\/wp-json\/wp\/v2\/pages"}],"about":[{"href":"https:\/\/www.costaricavirtual.com\/es\/wp-json\/wp\/v2\/types\/page"}],"author":[{"embeddable":true,"href":"https:\/\/www.costaricavirtual.com\/es\/wp-json\/wp\/v2\/users\/1"}],"replies":[{"embeddable":true,"href":"https:\/\/www.costaricavirtual.com\/es\/wp-json\/wp\/v2\/comments?post=76"}],"version-history":[{"count":34,"href":"https:\/\/www.costaricavirtual.com\/es\/wp-json\/wp\/v2\/pages\/76\/revisions"}],"predecessor-version":[{"id":374,"href":"https:\/\/www.costaricavirtual.com\/es\/wp-json\/wp\/v2\/pages\/76\/revisions\/374"}],"wp:attachment":[{"href":"https:\/\/www.costaricavirtual.com\/es\/wp-json\/wp\/v2\/media?parent=76"}],"curies":[{"name":"wp","href":"https:\/\/api.w.org\/{rel}","templated":true}]}}